{"id":142,"date":"2016-04-27T20:30:55","date_gmt":"2016-04-27T19:30:55","guid":{"rendered":"http:\/\/dkollektiv.organicdesignlabs.comanicdesignlabs.com\/?page_id=142"},"modified":"2020-04-15T16:49:12","modified_gmt":"2020-04-15T14:49:12","slug":"organisation","status":"publish","type":"page","link":"https:\/\/dkollektiv.org\/dkollage\/organisation\/","title":{"rendered":"Partenaires"},"content":{"rendered":"<p>Le projet a \u00e9t\u00e9 initi\u00e9 en 2016 dans le cadre du festival de la culture industrielle et de l\u2019innovation de la Fondation Bassin Minier. Le projet initial a \u00e9t\u00e9 r\u00e9alis\u00e9 en coop\u00e9ration avec la Ville de Dudelange et a pour partenaires le CNA, le CDMH, opderschmelz, le Lyc\u00e9e Nic Biever, l\u2019Ecole Nationale Sup\u00e9rieure de l\u2019Architecture Paris Val de Seine et Openscreen.<\/p>\n<p>Depuis 2017, le DKollektiv est soutenu par ses partenaires la Ville de Dudelange et le Fonds de Logement, d\u00e9sormais propri\u00e9taire du terrain et des b\u00e2timents du Laminoir et ma\u00eetre d&rsquo;oeuvre du Quartier Neischmelz.<\/p>\n<p>Il maintient et \u00e9largit ces partenariats et en \u00e9tablit de nouveaux sur diff\u00e9rents projets, entre autres avec le CNA, le CDMH, l&rsquo;Institut Emile Metz, le Fonds Belval, la Fonderie Massard, Park&amp;Ride, le Projet Ensemble Quartiers Dudelange, CELL\/Transition Minett, Transition Diddeleng, FerroForum, Industriekultur-CNCI, AHI Hussigny-Godbrange, MUDAM, SNJ, Parc U4 Uckange, &#8230;<\/p>\n","protected":false},"excerpt":{"rendered":"<p>Le projet a \u00e9t\u00e9 initi\u00e9 en 2016 dans le cadre du festival de la culture industrielle et de l\u2019innovation de la Fondation Bassin Minier. Le projet initial a \u00e9t\u00e9 r\u00e9alis\u00e9 en coop\u00e9ration avec la Ville de Dudelange et a pour partenaires le CNA, le CDMH, opderschmelz, le Lyc\u00e9e Nic Biever, l\u2019Ecole Nationale Sup\u00e9rieure de l\u2019Architecture &#8230;<\/p>\n","protected":false},"author":2,"featured_media":0,"parent":0,"menu_order":0,"comment_status":"closed","ping_status":"closed","template":"templates\/fullwidth.php","meta":{"footnotes":""},"class_list":["post-142","page","type-page","status-publish","hentry"],"_links":{"self":[{"href":"https:\/\/dkollektiv.org\/dkollage\/wp-json\/wp\/v2\/pages\/142","targetHints":{"allow":["GET"]}}],"collection":[{"href":"https:\/\/dkollektiv.org\/dkollage\/wp-json\/wp\/v2\/pages"}],"about":[{"href":"https:\/\/dkollektiv.org\/dkollage\/wp-json\/wp\/v2\/types\/page"}],"author":[{"embeddable":true,"href":"https:\/\/dkollektiv.org\/dkollage\/wp-json\/wp\/v2\/users\/2"}],"replies":[{"embeddable":true,"href":"https:\/\/dkollektiv.org\/dkollage\/wp-json\/wp\/v2\/comments?post=142"}],"version-history":[{"count":14,"href":"https:\/\/dkollektiv.org\/dkollage\/wp-json\/wp\/v2\/pages\/142\/revisions"}],"predecessor-version":[{"id":1115,"href":"https:\/\/dkollektiv.org\/dkollage\/wp-json\/wp\/v2\/pages\/142\/revisions\/1115"}],"wp:attachment":[{"href":"https:\/\/dkollektiv.org\/dkollage\/wp-json\/wp\/v2\/media?parent=142"}],"curies":[{"name":"wp","href":"https:\/\/api.w.org\/{rel}","templated":true}]}}