{"id":16,"date":"2016-04-21T17:26:24","date_gmt":"2016-04-21T16:26:24","guid":{"rendered":"http:\/\/dkollektiv.organicdesignlabs.comanicdesignlabs.com\/?page_id=16"},"modified":"2016-06-03T10:53:06","modified_gmt":"2016-06-03T09:53:06","slug":"workshops","status":"publish","type":"page","link":"https:\/\/dkollektiv.org\/dkollage\/workshops\/","title":{"rendered":"Workshops"},"content":{"rendered":"<div class=\"one_half\">\n<h2>[Atelier M\u00e9moire vive]<\/h2>\n<img loading=\"lazy\" decoding=\"async\" src=\"http:\/\/dkollektiv.organicdesignlabs.com\/wp-content\/uploads\/2016\/04\/memoire_vive.png\" alt=\"memoire_vive\" width=\"815\" height=\"315\" class=\"aligncenter size-full wp-image-219\" srcset=\"https:\/\/dkollektiv.org\/wp-content\/uploads\/2016\/04\/memoire_vive.png 815w, https:\/\/dkollektiv.org\/wp-content\/uploads\/2016\/04\/memoire_vive-300x116.png 300w, https:\/\/dkollektiv.org\/wp-content\/uploads\/2016\/04\/memoire_vive-768x297.png 768w\" sizes=\"auto, (max-width: 815px) 100vw, 815px\" \/>\n<h4>Ouverture lundi 30 mai \u00e0 19h, suivie d\u2019une visite performative et inaugurale de l\u2019\u00a0\u00ab\u00a0Atelier D\u00a0\u00bb \u00e0 20h<br \/>\nExposition au CDMH du 31 mai au 24 septembre<\/h4>\n<h4><a href=\"http:\/\/dkollektiv.organicdesignlabs.com\/index.php\/informations-pratiques\/\">[2] CDMH<\/a><\/h4>\n<p>Workshop cr\u00e9\u00e9 en collaboration avec le Centre de Documentation sur les Migrations Humaines (CDMH) et l\u2019Ecole Nationale Supe\u0301rieure d\u2019Architecture Val de Seine (ENSAPVS, E. Ross).<br \/>\nTout le long du mois de mai, des artistes, des \u00e9tudiants d\u2019architecture, des membres du CDMH et des anciens de la sid\u00e9rurgie\u00a0et de la Minette vont se r\u00e9unir pour travailler ensemble et partager leurs regards, leurs pratiques et leurs connaissances afin de ranimer la m\u00e9moire de ce lieu et de ses gens.<\/p>\n<p>Plus d\u2019informations sur www.cdmh.lu ou par mail \u00e0 info@cdmh.lu<\/p>\n<h2>[Atelier\u00a0Savoir-Fer]<\/h2>\n<img loading=\"lazy\" decoding=\"async\" src=\"http:\/\/dkollektiv.organicdesignlabs.com\/wp-content\/uploads\/2016\/04\/savoir_fer.png\" alt=\"savoir_fer\" width=\"815\" height=\"315\" class=\"aligncenter size-full wp-image-220\" srcset=\"https:\/\/dkollektiv.org\/wp-content\/uploads\/2016\/04\/savoir_fer.png 815w, https:\/\/dkollektiv.org\/wp-content\/uploads\/2016\/04\/savoir_fer-300x116.png 300w, https:\/\/dkollektiv.org\/wp-content\/uploads\/2016\/04\/savoir_fer-768x297.png 768w\" sizes=\"auto, (max-width: 815px) 100vw, 815px\" \/>\n<h4>samedi 4 juin et dimanche 5 juin<br \/>\nWorkshop de 2 jours de 11h \u00e0 17h<br \/>\nsamedi 11 juin et dimanche 12 juin<br \/>\nWorkshop de 2 jours de 11h \u00e0 17h<\/h4>\n<h4><a href=\"http:\/\/dkollektiv.organicdesignlabs.com\/index.php\/informations-pratiques\/\">[1] Atelier des locomotives sur le site du laminoir<\/a><\/h4>\n<p>Ce workshop a pour but de faire d\u00e9couvrir un mat\u00e9riau \u00e0 la fois ancestral mais \u00e9galement pr\u00e9sent dans l\u2019industrie de haute technologie. M\u00e9tal aux utilisations multiples nous le retrouvons tout autant dans un fer de lance, qu\u2019un po\u00eale, la carrosserie d\u2019une voiture ou des r\u00e9acteurs nucl\u00e9aires.<br \/>\nL\u2019atelier propose aux participants de se familiariser avec les processus de fabrication du fer, s\u2019axant sur les \u00e9l\u00e9ments n\u00e9cessaires\u00a0: les minerais, le charbon, l\u2019eau et la force m\u00e9canique.<\/p>\n<p>A partir de 12 ans, sans limite d\u2019\u00e2ge \/ places limit\u00e9es \/ 20\u20ac par personne (2 jours)<br \/>\nSur inscription\u00a0: info@dkollektiv.org<br \/>\nD\u00e9lais d\u2019inscription : 1 juin \/ 8 juin<br \/>\nDes connaissances pr\u00e9alables ne sont pas n\u00e9cessaires<br \/>\n<\/p><\/div><div class=\"one_half_last\">\n<h2>[Atelier Utopie]<\/h2>\n<img loading=\"lazy\" decoding=\"async\" src=\"http:\/\/dkollektiv.organicdesignlabs.com\/wp-content\/uploads\/2016\/04\/utopie.png\" alt=\"utopie\" width=\"815\" height=\"315\" class=\"aligncenter size-full wp-image-221\" srcset=\"https:\/\/dkollektiv.org\/wp-content\/uploads\/2016\/04\/utopie.png 815w, https:\/\/dkollektiv.org\/wp-content\/uploads\/2016\/04\/utopie-300x116.png 300w, https:\/\/dkollektiv.org\/wp-content\/uploads\/2016\/04\/utopie-768x297.png 768w\" sizes=\"auto, (max-width: 815px) 100vw, 815px\" \/>\n<h4>samedi 4 juin et dimanche 5 juin<br \/>\nWorkshop de 2 jours de 11h \u00e0 17h<br \/>\nsamedi 11 juin et dimanche 12 juin<br \/>\nWorkshop de 2 jours de 11h \u00e0 17h<\/h4>\n<h4><a href=\"http:\/\/dkollektiv.organicdesignlabs.com\/index.php\/informations-pratiques\/\">[1] Atelier des locomotives sur le site du laminoir<\/a><\/h4>\n<h4>Atelier de Maquettes<\/h4>\n<p>Qu\u2019est-ce que je ferais de ce lieu si tout m\u2019\u00e9tait possible, si tout \u00e9tait permis\u00a0? Nous allons explorer le terrain (rallye d\u00e9couverte) pour ensuite construire avec des mat\u00e9riaux rassembl\u00e9s des maquettes qui ont pour th\u00e8me l\u2019Utopie, nous int\u00e9ressant au pass\u00e9 et \u00e0 l\u2019avenir. Cet atelier a pour but d\u2019apprendre \u00e0 regarder, d\u00e9celer les traces, se familiariser avec des objets et des mat\u00e9riaux trouv\u00e9s et r\u00e9cup\u00e9r\u00e9s et \u00e0 les replacer dans leur contexte. Les projets seront pr\u00e9sent\u00e9s dans le cadre du \u00ab\u00a0Op e Patt\u00a0mam&#8230; \u00bb &#8211; Reconversion \/ Utopie, le mardi 21 juin de 17h30 \u00e0 18h30. Les maquettes seront visibles \u00e0 travers le site du laminoir.<\/p>\n<p>A partir de 12 ans, sans limite d\u2019\u00e2ge \/ places limit\u00e9es \/ 20\u20ac par personne (2 jours)<br \/>\nSur inscription\u00a0: info@dkollektiv.org<br \/>\nD\u00e9lais d\u2019inscription : 1 juin \/ 8 juin<br \/>\n<\/p><\/div><\/p>\n","protected":false},"excerpt":{"rendered":"","protected":false},"author":2,"featured_media":0,"parent":0,"menu_order":0,"comment_status":"closed","ping_status":"closed","template":"templates\/fullwidth.php","meta":{"footnotes":""},"class_list":["post-16","page","type-page","status-publish","hentry"],"_links":{"self":[{"href":"https:\/\/dkollektiv.org\/dkollage\/wp-json\/wp\/v2\/pages\/16","targetHints":{"allow":["GET"]}}],"collection":[{"href":"https:\/\/dkollektiv.org\/dkollage\/wp-json\/wp\/v2\/pages"}],"about":[{"href":"https:\/\/dkollektiv.org\/dkollage\/wp-json\/wp\/v2\/types\/page"}],"author":[{"embeddable":true,"href":"https:\/\/dkollektiv.org\/dkollage\/wp-json\/wp\/v2\/users\/2"}],"replies":[{"embeddable":true,"href":"https:\/\/dkollektiv.org\/dkollage\/wp-json\/wp\/v2\/comments?post=16"}],"version-history":[{"count":12,"href":"https:\/\/dkollektiv.org\/dkollage\/wp-json\/wp\/v2\/pages\/16\/revisions"}],"predecessor-version":[{"id":236,"href":"https:\/\/dkollektiv.org\/dkollage\/wp-json\/wp\/v2\/pages\/16\/revisions\/236"}],"wp:attachment":[{"href":"https:\/\/dkollektiv.org\/dkollage\/wp-json\/wp\/v2\/media?parent=16"}],"curies":[{"name":"wp","href":"https:\/\/api.w.org\/{rel}","templated":true}]}}