{"id":1802,"date":"2021-10-18T22:24:53","date_gmt":"2021-10-18T20:24:53","guid":{"rendered":"https:\/\/dkollektiv.org\/?page_id=1802"},"modified":"2024-01-10T14:45:05","modified_gmt":"2024-01-10T13:45:05","slug":"serigraphie","status":"publish","type":"page","link":"https:\/\/dkollektiv.org\/dkollage\/serigraphie\/","title":{"rendered":"S\u00e9rigraphie"},"content":{"rendered":"\n<p>Technique\u00a0pr\u00e9sente d\u00e8s les d\u00e9buts du\u00a0Dkollektiv, la s\u00e9rigraphie retrouve\u00a0ainsi\u00a0sa place dans l&rsquo;atelier graphique du VEWA<\/p>\n\n\n\n<p><\/p>\n\n\n\n<p>_Utilisation de la Raclette<\/p>\n\n\n\n<figure class=\"wp-block-image size-large\"><img loading=\"lazy\" decoding=\"async\" width=\"1024\" height=\"683\" src=\"https:\/\/dkollektiv.org\/wp-content\/uploads\/2024\/01\/thumbnail_DSCF3588-1024x683.jpg\" alt=\"\" class=\"wp-image-2575\" srcset=\"https:\/\/dkollektiv.org\/wp-content\/uploads\/2024\/01\/thumbnail_DSCF3588-1024x683.jpg 1024w, https:\/\/dkollektiv.org\/wp-content\/uploads\/2024\/01\/thumbnail_DSCF3588-300x200.jpg 300w, https:\/\/dkollektiv.org\/wp-content\/uploads\/2024\/01\/thumbnail_DSCF3588-768x512.jpg 768w, https:\/\/dkollektiv.org\/wp-content\/uploads\/2024\/01\/thumbnail_DSCF3588-1536x1024.jpg 1536w, https:\/\/dkollektiv.org\/wp-content\/uploads\/2024\/01\/thumbnail_DSCF3588.jpg 1920w\" sizes=\"auto, (max-width: 1024px) 100vw, 1024px\" \/><\/figure>\n\n\n\n<p>_Impression Textiles\u00a0<\/p>\n\n\n\n<figure class=\"wp-block-image size-full\"><img loading=\"lazy\" decoding=\"async\" width=\"640\" height=\"853\" src=\"https:\/\/dkollektiv.org\/wp-content\/uploads\/2022\/01\/271656456_1507310336332948_1548272616029444333_n-1.jpg\" alt=\"\" class=\"wp-image-2207\" srcset=\"https:\/\/dkollektiv.org\/wp-content\/uploads\/2022\/01\/271656456_1507310336332948_1548272616029444333_n-1.jpg 640w, https:\/\/dkollektiv.org\/wp-content\/uploads\/2022\/01\/271656456_1507310336332948_1548272616029444333_n-1-225x300.jpg 225w\" sizes=\"auto, (max-width: 640px) 100vw, 640px\" \/><\/figure>\n\n\n\n<hr class=\"wp-block-separator has-text-color has-black-color has-css-opacity has-black-background-color has-background is-style-default\"\/>\n\n\n\n<p>_ Workshop Impression Affiche lors de&nbsp;l\u2019\u00e9v\u00e8nement&nbsp; \u00ab\u00a0D\u2018\u00c4isshelleg\u00a0\u00bb, le 15.05.21.<\/p>\n\n\n\n<figure class=\"wp-block-image size-large\"><img loading=\"lazy\" decoding=\"async\" width=\"1024\" height=\"684\" src=\"https:\/\/dkollektiv.org\/wp-content\/uploads\/2021\/10\/SanaMurad-15.05-17-1024x684.jpg\" alt=\"\" class=\"wp-image-1803\" srcset=\"https:\/\/dkollektiv.org\/wp-content\/uploads\/2021\/10\/SanaMurad-15.05-17-1024x684.jpg 1024w, https:\/\/dkollektiv.org\/wp-content\/uploads\/2021\/10\/SanaMurad-15.05-17-300x200.jpg 300w, https:\/\/dkollektiv.org\/wp-content\/uploads\/2021\/10\/SanaMurad-15.05-17-768x513.jpg 768w, https:\/\/dkollektiv.org\/wp-content\/uploads\/2021\/10\/SanaMurad-15.05-17-1536x1026.jpg 1536w, https:\/\/dkollektiv.org\/wp-content\/uploads\/2021\/10\/SanaMurad-15.05-17-2048x1368.jpg 2048w\" sizes=\"auto, (max-width: 1024px) 100vw, 1024px\" \/><\/figure>\n\n\n\n<hr class=\"wp-block-separator has-text-color has-black-color has-css-opacity has-black-background-color has-background is-style-default\"\/>\n\n\n\n<p>_ Impression de la signal\u00e9tique + Camionette<\/p>\n\n\n\n<figure class=\"wp-block-image size-full\"><img loading=\"lazy\" decoding=\"async\" width=\"1000\" height=\"668\" src=\"https:\/\/dkollektiv.org\/wp-content\/uploads\/2021\/10\/Sana-Murad-chantier2-5.jpg\" alt=\"\" class=\"wp-image-1805\" srcset=\"https:\/\/dkollektiv.org\/wp-content\/uploads\/2021\/10\/Sana-Murad-chantier2-5.jpg 1000w, https:\/\/dkollektiv.org\/wp-content\/uploads\/2021\/10\/Sana-Murad-chantier2-5-300x200.jpg 300w, https:\/\/dkollektiv.org\/wp-content\/uploads\/2021\/10\/Sana-Murad-chantier2-5-768x513.jpg 768w\" sizes=\"auto, (max-width: 1000px) 100vw, 1000px\" \/><\/figure>\n\n\n\n\n\n<hr class=\"wp-block-separator has-text-color has-black-color has-css-opacity has-black-background-color has-background is-style-default\"\/>\n\n\n\n<p>_ Impression des&nbsp;premi\u00e8res Affiches du&nbsp;Dkollage<\/p>\n\n\n\n<figure class=\"wp-block-image size-large\"><img loading=\"lazy\" decoding=\"async\" width=\"724\" height=\"1024\" src=\"https:\/\/dkollektiv.org\/wp-content\/uploads\/2022\/01\/20-01-affiche-LNB-1-1-724x1024.jpg\" alt=\"\" class=\"wp-image-2205\" srcset=\"https:\/\/dkollektiv.org\/wp-content\/uploads\/2022\/01\/20-01-affiche-LNB-1-1-724x1024.jpg 724w, https:\/\/dkollektiv.org\/wp-content\/uploads\/2022\/01\/20-01-affiche-LNB-1-1-212x300.jpg 212w, https:\/\/dkollektiv.org\/wp-content\/uploads\/2022\/01\/20-01-affiche-LNB-1-1-768x1086.jpg 768w, https:\/\/dkollektiv.org\/wp-content\/uploads\/2022\/01\/20-01-affiche-LNB-1-1-1086x1536.jpg 1086w, https:\/\/dkollektiv.org\/wp-content\/uploads\/2022\/01\/20-01-affiche-LNB-1-1.jpg 1191w\" sizes=\"auto, (max-width: 724px) 100vw, 724px\" \/><\/figure>\n\n\n\n<hr class=\"wp-block-separator has-text-color has-black-color has-css-opacity has-black-background-color has-background is-style-default\"\/>\n\n\n\n<p>_Atelier s\u00e9rigraphique avec le Lyc\u00e9e Nic Biver<\/p>\n\n\n\n<figure class=\"wp-block-image size-full\"><img loading=\"lazy\" decoding=\"async\" width=\"688\" height=\"516\" src=\"https:\/\/dkollektiv.org\/wp-content\/uploads\/2021\/10\/pp00_01.jpg\" alt=\"\" class=\"wp-image-1804\" srcset=\"https:\/\/dkollektiv.org\/wp-content\/uploads\/2021\/10\/pp00_01.jpg 688w, https:\/\/dkollektiv.org\/wp-content\/uploads\/2021\/10\/pp00_01-300x225.jpg 300w\" sizes=\"auto, (max-width: 688px) 100vw, 688px\" \/><\/figure>\n\n\n\n<hr class=\"wp-block-separator has-text-color has-black-color has-css-opacity has-black-background-color has-background is-style-default\"\/>\n","protected":false},"excerpt":{"rendered":"<p>Technique\u00a0pr\u00e9sente d\u00e8s les d\u00e9buts du\u00a0Dkollektiv, la s\u00e9rigraphie retrouve\u00a0ainsi\u00a0sa place dans l&rsquo;atelier graphique du VEWA _Utilisation de la Raclette _Impression Textiles\u00a0 _ Workshop Impression Affiche lors de&nbsp;l\u2019\u00e9v\u00e8nement&nbsp; \u00ab\u00a0D\u2018\u00c4isshelleg\u00a0\u00bb, le 15.05.21. _ Impression de la signal\u00e9tique + Camionette _ Impression des&nbsp;premi\u00e8res Affiches du&nbsp;Dkollage _Atelier s\u00e9rigraphique avec le Lyc\u00e9e Nic Biver<\/p>\n","protected":false},"author":9,"featured_media":0,"parent":0,"menu_order":0,"comment_status":"closed","ping_status":"closed","template":"templates\/fullwidth.php","meta":{"footnotes":""},"class_list":["post-1802","page","type-page","status-publish","hentry"],"_links":{"self":[{"href":"https:\/\/dkollektiv.org\/dkollage\/wp-json\/wp\/v2\/pages\/1802","targetHints":{"allow":["GET"]}}],"collection":[{"href":"https:\/\/dkollektiv.org\/dkollage\/wp-json\/wp\/v2\/pages"}],"about":[{"href":"https:\/\/dkollektiv.org\/dkollage\/wp-json\/wp\/v2\/types\/page"}],"author":[{"embeddable":true,"href":"https:\/\/dkollektiv.org\/dkollage\/wp-json\/wp\/v2\/users\/9"}],"replies":[{"embeddable":true,"href":"https:\/\/dkollektiv.org\/dkollage\/wp-json\/wp\/v2\/comments?post=1802"}],"version-history":[{"count":4,"href":"https:\/\/dkollektiv.org\/dkollage\/wp-json\/wp\/v2\/pages\/1802\/revisions"}],"predecessor-version":[{"id":2577,"href":"https:\/\/dkollektiv.org\/dkollage\/wp-json\/wp\/v2\/pages\/1802\/revisions\/2577"}],"wp:attachment":[{"href":"https:\/\/dkollektiv.org\/dkollage\/wp-json\/wp\/v2\/media?parent=1802"}],"curies":[{"name":"wp","href":"https:\/\/api.w.org\/{rel}","templated":true}]}}