{"id":1830,"date":"2021-10-18T22:22:22","date_gmt":"2021-10-18T20:22:22","guid":{"rendered":"https:\/\/dkollektiv.org\/?page_id=1830"},"modified":"2021-11-17T18:22:08","modified_gmt":"2021-11-17T17:22:08","slug":"dkollage-test","status":"publish","type":"page","link":"https:\/\/dkollektiv.org\/dkollage\/dkollage-test\/","title":{"rendered":"Dkollage"},"content":{"rendered":"\n<figure class=\"wp-block-image size-large\"><img loading=\"lazy\" decoding=\"async\" width=\"1024\" height=\"642\" src=\"https:\/\/dkollektiv.org\/wp-content\/uploads\/2021\/03\/thumbnail_foto_7-1024x642.png\" alt=\"\" class=\"wp-image-1437\" srcset=\"https:\/\/dkollektiv.org\/wp-content\/uploads\/2021\/03\/thumbnail_foto_7-1024x642.png 1024w, https:\/\/dkollektiv.org\/wp-content\/uploads\/2021\/03\/thumbnail_foto_7-300x188.png 300w, https:\/\/dkollektiv.org\/wp-content\/uploads\/2021\/03\/thumbnail_foto_7-768x482.png 768w, https:\/\/dkollektiv.org\/wp-content\/uploads\/2021\/03\/thumbnail_foto_7.png 1280w\" sizes=\"auto, (max-width: 1024px) 100vw, 1024px\" \/><\/figure>\n\n\n\n<h2 class=\"wp-block-heading\"><strong>Lieu Infini<\/strong><\/h2>\n\n\n\n<hr class=\"wp-block-separator has-text-color has-background has-black-background-color has-black-color\"\/>\n\n\n\n<p>Le Dkollage est un processus collectif de r\u00e9novation du b\u00e2timent Vestaire-Wagonnage, avec le but d&rsquo;inplanter un espace de cr\u00e9ation et d&rsquo;\u00e9change, un tiers lieux culturel, auquel nous vous invitons \u00e0 participer, pour nous r\u00e9approprier ensemble cet espace et le faire \u00e9voluer. En valorisant notre patrimoine industriel et en stimulant l&rsquo;exp\u00e9rimentation, d\u00e9clenchons une <a href=\"https:\/\/dkollektiv.org\/partenaires\/\">dynamique locale d&rsquo;initiatives cr\u00e9atives<\/a> qui pourra s&rsquo;ancrer dans ce lieu au nouveau quartier urbain Neischmelz.<\/p>\n\n\n\n<h2 class=\"wp-block-heading\"><strong>Utopie(s) possible(s)<\/strong><\/h2>\n\n\n\n<hr class=\"wp-block-separator has-text-color has-background has-black-background-color has-black-color\"\/>\n\n\n\n<p>Lieu avec diff\u00e9rents espaces qui permettent d\u2019accueillir, experimenter et accompagner des projets et initiatives durables et culturels<\/p>\n\n\n\n<figure class=\"wp-block-image size-large\"><a href=\"https:\/\/dkollektiv.org\/lieu\/\"><img loading=\"lazy\" decoding=\"async\" width=\"1024\" height=\"704\" src=\"https:\/\/dkollektiv.org\/wp-content\/uploads\/2021\/11\/vestaire-wagonnage_2-2-1024x704.png\" alt=\"\" class=\"wp-image-1944\" srcset=\"https:\/\/dkollektiv.org\/wp-content\/uploads\/2021\/11\/vestaire-wagonnage_2-2-1024x704.png 1024w, https:\/\/dkollektiv.org\/wp-content\/uploads\/2021\/11\/vestaire-wagonnage_2-2-300x206.png 300w, https:\/\/dkollektiv.org\/wp-content\/uploads\/2021\/11\/vestaire-wagonnage_2-2-768x528.png 768w, https:\/\/dkollektiv.org\/wp-content\/uploads\/2021\/11\/vestaire-wagonnage_2-2.png 1509w\" sizes=\"auto, (max-width: 1024px) 100vw, 1024px\" \/><\/a><\/figure>\n\n\n\n<p>Echange d\u2019id\u00e9es, <strong>convivialit\u00e9<\/strong>, solidarit\u00e9, <strong>partage de savoir-faire<\/strong>, bricolage, inclusion, participation, revalorisation, improvisation, <strong>transmission de connaissances<\/strong>, apprentissage, r\u00e9cit d\u2019histoires, cuisine, ouverture, plantation, musiques exp\u00e9rimentales, accueil, <strong>patrimoine<\/strong>, r\u00eaveries, \u00e9cologie, cr\u00e9ativit\u00e9, <strong>durabilit\u00e9 <\/strong>\u2026&nbsp;<\/p>\n\n\n\n<div class=\"wp-block-buttons is-layout-flex wp-block-buttons-is-layout-flex\">\n<div class=\"wp-block-button\"><a class=\"wp-block-button__link\" href=\"https:\/\/dkollektiv.org\/lieu\/\">Le Lieu<\/a><\/div>\n<\/div>\n\n\n\n<h2 class=\"wp-block-heading\"><strong>Lieu d\u00e9change<\/strong><\/h2>\n\n\n\n<hr class=\"wp-block-separator has-text-color has-background has-black-background-color has-black-color is-style-default\"\/>\n\n\n\n<p>On propose des ateliers participatifs pour valoriser le site et les savoir-faire individuels et collectifs.<\/p>\n\n\n\n<div class=\"wp-block-columns is-layout-flex wp-container-core-columns-is-layout-9d6595d7 wp-block-columns-is-layout-flex\">\n<div class=\"wp-block-column is-layout-flow wp-block-column-is-layout-flow\">\n<figure class=\"wp-block-image size-full\"><a href=\"https:\/\/dkollektiv.org\/metal\/\"><img loading=\"lazy\" decoding=\"async\" width=\"200\" height=\"200\" src=\"https:\/\/dkollektiv.org\/wp-content\/uploads\/2021\/10\/metal.png\" alt=\"\" class=\"wp-image-1874\" srcset=\"https:\/\/dkollektiv.org\/wp-content\/uploads\/2021\/10\/metal.png 200w, https:\/\/dkollektiv.org\/wp-content\/uploads\/2021\/10\/metal-150x150.png 150w\" sizes=\"auto, (max-width: 200px) 100vw, 200px\" \/><\/a><\/figure>\n\n\n\n<p class=\"has-text-align-center\"><strong><a href=\"https:\/\/dkollektiv.org\/metal\/\">Metal<\/a><\/strong><\/p>\n<\/div>\n\n\n\n<div class=\"wp-block-column is-layout-flow wp-block-column-is-layout-flow\">\n<figure class=\"wp-block-image size-full\"><a href=\"https:\/\/dkollektiv.org\/bois\/\"><img loading=\"lazy\" decoding=\"async\" width=\"200\" height=\"200\" src=\"https:\/\/dkollektiv.org\/wp-content\/uploads\/2021\/10\/bois.png\" alt=\"\" class=\"wp-image-1875\" srcset=\"https:\/\/dkollektiv.org\/wp-content\/uploads\/2021\/10\/bois.png 200w, https:\/\/dkollektiv.org\/wp-content\/uploads\/2021\/10\/bois-150x150.png 150w\" sizes=\"auto, (max-width: 200px) 100vw, 200px\" \/><\/a><\/figure>\n\n\n\n<p class=\"has-text-align-center\"><strong><a href=\"https:\/\/dkollektiv.org\/bois\/\">Bois<\/a><\/strong><\/p>\n<\/div>\n\n\n\n<div class=\"wp-block-column is-layout-flow wp-block-column-is-layout-flow\">\n<figure class=\"wp-block-image size-full\"><a href=\"https:\/\/dkollektiv.org\/carrelage\/\"><img loading=\"lazy\" decoding=\"async\" width=\"200\" height=\"200\" src=\"https:\/\/dkollektiv.org\/wp-content\/uploads\/2021\/10\/carrelage.png\" alt=\"\" class=\"wp-image-1876\" srcset=\"https:\/\/dkollektiv.org\/wp-content\/uploads\/2021\/10\/carrelage.png 200w, https:\/\/dkollektiv.org\/wp-content\/uploads\/2021\/10\/carrelage-150x150.png 150w\" sizes=\"auto, (max-width: 200px) 100vw, 200px\" \/><\/a><\/figure>\n\n\n\n<p class=\"has-text-align-center\"><meta charset=\"utf-8\"><strong><a href=\"https:\/\/dkollektiv.org\/carrelage\/\">Carrelage<\/a><\/strong><\/p>\n<\/div>\n\n\n\n<div class=\"wp-block-column is-layout-flow wp-block-column-is-layout-flow\">\n<figure class=\"wp-block-image size-full\"><a href=\"https:\/\/dkollektiv.org\/peinture\/\"><img loading=\"lazy\" decoding=\"async\" width=\"200\" height=\"200\" src=\"https:\/\/dkollektiv.org\/wp-content\/uploads\/2021\/10\/peinture-1.png\" alt=\"\" class=\"wp-image-1877\" srcset=\"https:\/\/dkollektiv.org\/wp-content\/uploads\/2021\/10\/peinture-1.png 200w, https:\/\/dkollektiv.org\/wp-content\/uploads\/2021\/10\/peinture-1-150x150.png 150w\" sizes=\"auto, (max-width: 200px) 100vw, 200px\" \/><\/a><\/figure>\n\n\n\n<p class=\"has-text-align-center\"><strong><a href=\"https:\/\/dkollektiv.org\/peinture\/\">Peinture<\/a><\/strong><\/p>\n<\/div>\n<\/div>\n\n\n\n<div class=\"wp-block-columns is-layout-flex wp-container-core-columns-is-layout-9d6595d7 wp-block-columns-is-layout-flex\">\n<div class=\"wp-block-column is-layout-flow wp-block-column-is-layout-flow\">\n<figure class=\"wp-block-image size-full\"><a href=\"https:\/\/dkollektiv.org\/serigraphie\/\"><img loading=\"lazy\" decoding=\"async\" width=\"200\" height=\"200\" src=\"https:\/\/dkollektiv.org\/wp-content\/uploads\/2021\/10\/serigraphie-1.png\" alt=\"\" class=\"wp-image-1873\" srcset=\"https:\/\/dkollektiv.org\/wp-content\/uploads\/2021\/10\/serigraphie-1.png 200w, https:\/\/dkollektiv.org\/wp-content\/uploads\/2021\/10\/serigraphie-1-150x150.png 150w\" sizes=\"auto, (max-width: 200px) 100vw, 200px\" \/><\/a><\/figure>\n\n\n\n<p class=\"has-text-align-center\"><strong><strong><a href=\"https:\/\/dkollektiv.org\/serigraphie\/\">S\u00e9rigraphie<\/a><\/strong><\/strong><\/p>\n<\/div>\n\n\n\n<div class=\"wp-block-column is-layout-flow wp-block-column-is-layout-flow\">\n<figure class=\"wp-block-image size-full\"><a href=\"https:\/\/dkollektiv.org\/couture\/\"><img loading=\"lazy\" decoding=\"async\" width=\"200\" height=\"200\" src=\"https:\/\/dkollektiv.org\/wp-content\/uploads\/2021\/10\/couture.png\" alt=\"\" class=\"wp-image-1878\" srcset=\"https:\/\/dkollektiv.org\/wp-content\/uploads\/2021\/10\/couture.png 200w, https:\/\/dkollektiv.org\/wp-content\/uploads\/2021\/10\/couture-150x150.png 150w\" sizes=\"auto, (max-width: 200px) 100vw, 200px\" \/><\/a><\/figure>\n\n\n\n<p class=\"has-text-align-center\"><strong><a href=\"https:\/\/dkollektiv.org\/couture\/\">Cout\u00fbre<\/a><\/strong><\/p>\n<\/div>\n\n\n\n<div class=\"wp-block-column is-layout-flow wp-block-column-is-layout-flow\">\n<figure class=\"wp-block-image size-full\"><a href=\"https:\/\/dkollektiv.org\/jardinage\/\"><img loading=\"lazy\" decoding=\"async\" width=\"200\" height=\"200\" src=\"https:\/\/dkollektiv.org\/wp-content\/uploads\/2021\/10\/jardin.png\" alt=\"\" class=\"wp-image-1872\" srcset=\"https:\/\/dkollektiv.org\/wp-content\/uploads\/2021\/10\/jardin.png 200w, https:\/\/dkollektiv.org\/wp-content\/uploads\/2021\/10\/jardin-150x150.png 150w\" sizes=\"auto, (max-width: 200px) 100vw, 200px\" \/><\/a><\/figure>\n\n\n\n<p class=\"has-text-align-center\"><strong><strong><a href=\"https:\/\/dkollektiv.org\/jardinage\/\">Jardinage<\/a><\/strong><\/strong><\/p>\n<\/div>\n\n\n\n<div class=\"wp-block-column is-layout-flow wp-block-column-is-layout-flow\">\n<figure class=\"wp-block-image size-full\"><a href=\"https:\/\/dkollektiv.org\/cuisine\"><img loading=\"lazy\" decoding=\"async\" width=\"200\" height=\"200\" src=\"https:\/\/dkollektiv.org\/wp-content\/uploads\/2021\/10\/Cuisine-1.png\" alt=\"\" class=\"wp-image-1879\" srcset=\"https:\/\/dkollektiv.org\/wp-content\/uploads\/2021\/10\/Cuisine-1.png 200w, https:\/\/dkollektiv.org\/wp-content\/uploads\/2021\/10\/Cuisine-1-150x150.png 150w\" sizes=\"auto, (max-width: 200px) 100vw, 200px\" \/><\/a><\/figure>\n\n\n\n<p class=\"has-text-align-center\"><strong><a href=\"https:\/\/dkollektiv.org\/cuisine\">Cuisine<\/a><\/strong><\/p>\n<\/div>\n<\/div>\n\n\n\n<h2 class=\"wp-block-heading\"><strong>Lieu ouvert&nbsp;<\/strong><\/h2>\n\n\n\n<hr class=\"wp-block-separator has-text-color has-background has-black-background-color has-black-color is-style-default\"\/>\n\n\n\n<p>Le dkollage est aussi une programmation d&rsquo;\u00e9v\u00e8nements culturels innovants et d&rsquo;activit\u00e9s artistiques \u00e0 but non lucratif.<br><br><\/p>\n\n\n\n<figure class=\"wp-block-gallery columns-3 is-cropped wp-block-gallery-1 is-layout-flex wp-block-gallery-is-layout-flex\"><ul class=\"blocks-gallery-grid\"><li class=\"blocks-gallery-item\"><figure><img loading=\"lazy\" decoding=\"async\" width=\"1499\" height=\"1000\" src=\"https:\/\/dkollektiv.org\/wp-content\/uploads\/2021\/11\/event-5.jpg\" alt=\"\" data-id=\"1918\" data-full-url=\"https:\/\/dkollektiv.org\/wp-content\/uploads\/2021\/11\/event-5.jpg\" data-link=\"https:\/\/dkollektiv.org\/dkollage-test\/event-5\/\" class=\"wp-image-1918\" srcset=\"https:\/\/dkollektiv.org\/wp-content\/uploads\/2021\/11\/event-5.jpg 1499w, https:\/\/dkollektiv.org\/wp-content\/uploads\/2021\/11\/event-5-300x200.jpg 300w, https:\/\/dkollektiv.org\/wp-content\/uploads\/2021\/11\/event-5-1024x683.jpg 1024w, https:\/\/dkollektiv.org\/wp-content\/uploads\/2021\/11\/event-5-768x512.jpg 768w\" sizes=\"auto, (max-width: 1499px) 100vw, 1499px\" \/><\/figure><\/li><li class=\"blocks-gallery-item\"><figure><img loading=\"lazy\" decoding=\"async\" width=\"1333\" height=\"1000\" src=\"https:\/\/dkollektiv.org\/wp-content\/uploads\/2021\/11\/event-4.jpg\" alt=\"\" data-id=\"1919\" data-full-url=\"https:\/\/dkollektiv.org\/wp-content\/uploads\/2021\/11\/event-4.jpg\" data-link=\"https:\/\/dkollektiv.org\/dkollage-test\/event-4\/\" class=\"wp-image-1919\" srcset=\"https:\/\/dkollektiv.org\/wp-content\/uploads\/2021\/11\/event-4.jpg 1333w, https:\/\/dkollektiv.org\/wp-content\/uploads\/2021\/11\/event-4-300x225.jpg 300w, https:\/\/dkollektiv.org\/wp-content\/uploads\/2021\/11\/event-4-1024x768.jpg 1024w, https:\/\/dkollektiv.org\/wp-content\/uploads\/2021\/11\/event-4-768x576.jpg 768w\" sizes=\"auto, (max-width: 1333px) 100vw, 1333px\" \/><\/figure><\/li><li class=\"blocks-gallery-item\"><figure><img loading=\"lazy\" decoding=\"async\" width=\"1000\" height=\"665\" src=\"https:\/\/dkollektiv.org\/wp-content\/uploads\/2021\/11\/event-3.jpg\" alt=\"\" data-id=\"1920\" data-full-url=\"https:\/\/dkollektiv.org\/wp-content\/uploads\/2021\/11\/event-3.jpg\" data-link=\"https:\/\/dkollektiv.org\/dkollage-test\/event-3\/\" class=\"wp-image-1920\" srcset=\"https:\/\/dkollektiv.org\/wp-content\/uploads\/2021\/11\/event-3.jpg 1000w, https:\/\/dkollektiv.org\/wp-content\/uploads\/2021\/11\/event-3-300x200.jpg 300w, https:\/\/dkollektiv.org\/wp-content\/uploads\/2021\/11\/event-3-768x511.jpg 768w\" sizes=\"auto, (max-width: 1000px) 100vw, 1000px\" \/><\/figure><\/li><li class=\"blocks-gallery-item\"><figure><img loading=\"lazy\" decoding=\"async\" width=\"1000\" height=\"665\" src=\"https:\/\/dkollektiv.org\/wp-content\/uploads\/2021\/11\/event-2.jpg\" alt=\"\" data-id=\"1921\" data-full-url=\"https:\/\/dkollektiv.org\/wp-content\/uploads\/2021\/11\/event-2.jpg\" data-link=\"https:\/\/dkollektiv.org\/dkollage-test\/event-2\/\" class=\"wp-image-1921\" srcset=\"https:\/\/dkollektiv.org\/wp-content\/uploads\/2021\/11\/event-2.jpg 1000w, https:\/\/dkollektiv.org\/wp-content\/uploads\/2021\/11\/event-2-300x200.jpg 300w, https:\/\/dkollektiv.org\/wp-content\/uploads\/2021\/11\/event-2-768x511.jpg 768w\" sizes=\"auto, (max-width: 1000px) 100vw, 1000px\" \/><\/figure><\/li><li class=\"blocks-gallery-item\"><figure><img loading=\"lazy\" decoding=\"async\" width=\"1000\" height=\"667\" src=\"https:\/\/dkollektiv.org\/wp-content\/uploads\/2021\/11\/event-1.jpg\" alt=\"\" data-id=\"1922\" data-full-url=\"https:\/\/dkollektiv.org\/wp-content\/uploads\/2021\/11\/event-1.jpg\" data-link=\"https:\/\/dkollektiv.org\/dkollage-test\/event-1\/\" class=\"wp-image-1922\" srcset=\"https:\/\/dkollektiv.org\/wp-content\/uploads\/2021\/11\/event-1.jpg 1000w, https:\/\/dkollektiv.org\/wp-content\/uploads\/2021\/11\/event-1-300x200.jpg 300w, https:\/\/dkollektiv.org\/wp-content\/uploads\/2021\/11\/event-1-768x512.jpg 768w\" sizes=\"auto, (max-width: 1000px) 100vw, 1000px\" \/><\/figure><\/li><\/ul><\/figure>\n\n\n\n<h2 class=\"wp-block-heading\"><strong>Prochaines dates<\/strong><\/h2>\n\n\n\n<hr class=\"wp-block-separator has-text-color has-background has-black-background-color has-black-color\"\/>\n\n\n\n<p><strong>Chantier participatif <\/strong><\/p>\n\n\n\n<p><strong>20.11 \/ 04.12 \/ 18.12<br>&gt; 9:30 \u2013 17:00&nbsp;<\/strong><\/p>\n\n\n\n<div class=\"wp-block-buttons is-layout-flex wp-block-buttons-is-layout-flex\">\n<div class=\"wp-block-button\"><a class=\"wp-block-button__link\" href=\"https:\/\/dkollektiv.org\/chantiers-participatifs\/\">Plus infos<\/a><\/div>\n\n\n\n<div class=\"wp-block-button\"><a class=\"wp-block-button__link\" href=\"https:\/\/dkollektiv.org\/dkollage-2\/\">Je m&rsquo;inscris<\/a><\/div>\n<\/div>\n\n\n\n<h2 class=\"wp-block-heading\"><strong>Teaser Phase 4<\/strong><\/h2>\n\n\n\n<hr class=\"wp-block-separator has-text-color has-background has-black-background-color has-black-color\"\/>\n\n\n\n<figure class=\"wp-block-embed is-type-video is-provider-vimeo wp-block-embed-vimeo wp-embed-aspect-16-9 wp-has-aspect-ratio\"><div class=\"wp-block-embed__wrapper\">\n<iframe loading=\"lazy\" title=\"DKollage - Teaser 4\" src=\"https:\/\/player.vimeo.com\/video\/623230275?dnt=1&amp;app_id=122963\" width=\"474\" height=\"267\" frameborder=\"0\" allow=\"autoplay; fullscreen; picture-in-picture; clipboard-write; encrypted-media; web-share\"><\/iframe>\n<\/div><\/figure>\n","protected":false},"excerpt":{"rendered":"<p>Lieu Infini Le Dkollage est un processus collectif de r\u00e9novation du b\u00e2timent Vestaire-Wagonnage, avec le but d&rsquo;inplanter un espace de cr\u00e9ation et d&rsquo;\u00e9change, un tiers lieux culturel, auquel nous vous invitons \u00e0 participer, pour nous r\u00e9approprier ensemble cet espace et le faire \u00e9voluer. En valorisant notre patrimoine industriel et en stimulant l&rsquo;exp\u00e9rimentation, d\u00e9clenchons une dynamique &#8230;<\/p>\n","protected":false},"author":9,"featured_media":0,"parent":0,"menu_order":0,"comment_status":"closed","ping_status":"closed","template":"templates\/fullwidth.php","meta":{"footnotes":""},"class_list":["post-1830","page","type-page","status-publish","hentry"],"_links":{"self":[{"href":"https:\/\/dkollektiv.org\/dkollage\/wp-json\/wp\/v2\/pages\/1830","targetHints":{"allow":["GET"]}}],"collection":[{"href":"https:\/\/dkollektiv.org\/dkollage\/wp-json\/wp\/v2\/pages"}],"about":[{"href":"https:\/\/dkollektiv.org\/dkollage\/wp-json\/wp\/v2\/types\/page"}],"author":[{"embeddable":true,"href":"https:\/\/dkollektiv.org\/dkollage\/wp-json\/wp\/v2\/users\/9"}],"replies":[{"embeddable":true,"href":"https:\/\/dkollektiv.org\/dkollage\/wp-json\/wp\/v2\/comments?post=1830"}],"version-history":[{"count":33,"href":"https:\/\/dkollektiv.org\/dkollage\/wp-json\/wp\/v2\/pages\/1830\/revisions"}],"predecessor-version":[{"id":2072,"href":"https:\/\/dkollektiv.org\/dkollage\/wp-json\/wp\/v2\/pages\/1830\/revisions\/2072"}],"wp:attachment":[{"href":"https:\/\/dkollektiv.org\/dkollage\/wp-json\/wp\/v2\/media?parent=1830"}],"curies":[{"name":"wp","href":"https:\/\/api.w.org\/{rel}","templated":true}]}}