{"id":1856,"date":"2021-10-18T22:26:09","date_gmt":"2021-10-18T20:26:09","guid":{"rendered":"https:\/\/dkollektiv.org\/?page_id=1856"},"modified":"2022-01-25T12:16:06","modified_gmt":"2022-01-25T11:16:06","slug":"carrelage","status":"publish","type":"page","link":"https:\/\/dkollektiv.org\/dkollage\/carrelage\/","title":{"rendered":"Carrelage"},"content":{"rendered":"\n<p>Carrelage Cerabati (diff\u00e9rents formats: 2&#215;2, 5&#215;5, 10&#215;10, 15&#215;15, 15&#215;30)<\/p>\n\n\n\n<p><\/p>\n\n\n\n<hr class=\"wp-block-separator has-text-color has-background has-black-background-color has-black-color is-style-default\"\/>\n\n\n\n<div class=\"wp-block-media-text alignwide is-stacked-on-mobile\"><figure class=\"wp-block-media-text__media\"><img loading=\"lazy\" decoding=\"async\" width=\"1024\" height=\"768\" src=\"https:\/\/dkollektiv.org\/wp-content\/uploads\/2021\/10\/IMG_1698-1024x768.jpg\" alt=\"\" class=\"wp-image-1857 size-full\" srcset=\"https:\/\/dkollektiv.org\/wp-content\/uploads\/2021\/10\/IMG_1698-1024x768.jpg 1024w, https:\/\/dkollektiv.org\/wp-content\/uploads\/2021\/10\/IMG_1698-300x225.jpg 300w, https:\/\/dkollektiv.org\/wp-content\/uploads\/2021\/10\/IMG_1698-768x576.jpg 768w, https:\/\/dkollektiv.org\/wp-content\/uploads\/2021\/10\/IMG_1698-1536x1152.jpg 1536w, https:\/\/dkollektiv.org\/wp-content\/uploads\/2021\/10\/IMG_1698-rotated.jpg 2016w\" sizes=\"auto, (max-width: 1024px) 100vw, 1024px\" \/><\/figure><div class=\"wp-block-media-text__content\">\n<p style=\"font-size:14px\">Ces Carreaux traditionnels du Luxembourg fabriqu\u00e9s \u00e0 Wasserbillig entre 1873 et 1990, sont des \u00e9l\u00e9ments\u00a0originaux d\u2019\u00e9poque conserv\u00e9s dans le b\u00e2timent\u00a0et typique\u00a0de la p\u00e9riode de construction\u00a0du vestiaire et d\u2019autres \u00e9difices sur le site. Comme la majorit\u00e9 des carreaux sont dans un bon \u00e9tat, d\u00fb \u00e0 la qualit\u00e9 du mat\u00e9riel, il s\u2019agit d\u2019une r\u00e9novation ponctuelle du carrelage. Sauf pour les plinthes qui ont d\u00fb \u00eatre\u00a0enlev\u00e9es, nettoy\u00e9es et remise en \u00e9tat pour une remise en place durant la phase trois du chantier participatif.<\/p>\n<\/div><\/div>\n\n\n\n<hr class=\"wp-block-separator has-text-color has-background has-black-background-color has-black-color is-style-default\"\/>\n\n\n\n<p><\/p>\n\n\n\n<p><strong>Proc\u00e9d\u00e9 :&nbsp;<\/strong><\/p>\n\n\n\n<p>&#8211; chercher, documenter les types, tailles et colorations<\/p>\n\n\n\n<p>&#8211; enlever les carreaux amovibles du VeWa,&nbsp;<\/p>\n\n\n\n<p>&#8211; r\u00e9cup\u00e9ration de carreaux d\u2019autres b\u00e2timents, dont le laminoir et des dons de citoyens ayant encore des stocks chez eux.<\/p>\n\n\n\n<p>&#8211; nettoyage des carreaux&nbsp;<\/p>\n\n\n\n<p>&#8211; pr\u00e9paration des murs et sols&nbsp;<\/p>\n\n\n\n<p>&#8211; pose&nbsp;<\/p>\n\n\n\n<p>&#8211; joints et finitions&nbsp;<\/p>\n\n\n\n<p><\/p>\n\n\n\n<hr class=\"wp-block-separator has-text-color has-background has-black-background-color has-black-color is-style-default\"\/>\n\n\n\n<figure class=\"wp-block-pullquote\"><blockquote><p>\u201cK\u00e4ttche, K\u00e4ttche, br\u00e9ng mir nach eng Pl\u00e4ttchen.\u201d&nbsp;<\/p><\/blockquote><\/figure>\n","protected":false},"excerpt":{"rendered":"<p>Carrelage Cerabati (diff\u00e9rents formats: 2&#215;2, 5&#215;5, 10&#215;10, 15&#215;15, 15&#215;30) Ces Carreaux traditionnels du Luxembourg fabriqu\u00e9s \u00e0 Wasserbillig entre 1873 et 1990, sont des \u00e9l\u00e9ments\u00a0originaux d\u2019\u00e9poque conserv\u00e9s dans le b\u00e2timent\u00a0et typique\u00a0de la p\u00e9riode de construction\u00a0du vestiaire et d\u2019autres \u00e9difices sur le site. Comme la majorit\u00e9 des carreaux sont dans un bon \u00e9tat, d\u00fb \u00e0 la qualit\u00e9 &#8230;<\/p>\n","protected":false},"author":9,"featured_media":0,"parent":0,"menu_order":0,"comment_status":"closed","ping_status":"closed","template":"templates\/fullwidth.php","meta":{"footnotes":""},"class_list":["post-1856","page","type-page","status-publish","hentry"],"_links":{"self":[{"href":"https:\/\/dkollektiv.org\/dkollage\/wp-json\/wp\/v2\/pages\/1856","targetHints":{"allow":["GET"]}}],"collection":[{"href":"https:\/\/dkollektiv.org\/dkollage\/wp-json\/wp\/v2\/pages"}],"about":[{"href":"https:\/\/dkollektiv.org\/dkollage\/wp-json\/wp\/v2\/types\/page"}],"author":[{"embeddable":true,"href":"https:\/\/dkollektiv.org\/dkollage\/wp-json\/wp\/v2\/users\/9"}],"replies":[{"embeddable":true,"href":"https:\/\/dkollektiv.org\/dkollage\/wp-json\/wp\/v2\/comments?post=1856"}],"version-history":[{"count":7,"href":"https:\/\/dkollektiv.org\/dkollage\/wp-json\/wp\/v2\/pages\/1856\/revisions"}],"predecessor-version":[{"id":2242,"href":"https:\/\/dkollektiv.org\/dkollage\/wp-json\/wp\/v2\/pages\/1856\/revisions\/2242"}],"wp:attachment":[{"href":"https:\/\/dkollektiv.org\/dkollage\/wp-json\/wp\/v2\/media?parent=1856"}],"curies":[{"name":"wp","href":"https:\/\/api.w.org\/{rel}","templated":true}]}}