{"id":1881,"date":"2021-10-20T17:18:41","date_gmt":"2021-10-20T15:18:41","guid":{"rendered":"https:\/\/dkollektiv.org\/?page_id=1881"},"modified":"2022-01-25T12:14:36","modified_gmt":"2022-01-25T11:14:36","slug":"metal","status":"publish","type":"page","link":"https:\/\/dkollektiv.org\/dkollage\/metal\/","title":{"rendered":"Metal"},"content":{"rendered":"\n<hr class=\"wp-block-separator has-text-color has-background has-black-background-color has-black-color\"\/>\n\n\n\n<p>En r\u00e9cup\u00e9rant des \u00e9l\u00e9ments de menuiserie m\u00e9tallique (portes, cadres de fen\u00eatres, gardes-corps\u2026) et d\u2019autres objets en acier qui ont&nbsp;surv\u00e9cu aux&nbsp;ann\u00e9es post \u2013 industrielles (gaines, outils, profil\u00e9s, t\u00f4les\u2026) pour les r\u00e9parer, les ajuster et les r\u00e9installer,&nbsp;les participants de l\u2019atelier \u00ab&nbsp;ferronerie&nbsp;\u00bb pourront acqu\u00e9rir des connaissances et&nbsp;pratiquer des techniques&nbsp;de base du travail du fer&nbsp;:<\/p>\n\n\n\n<ul class=\"wp-block-list\"><li><em>D\u00e9coupe<\/em><\/li><li><em>soudure<\/em><\/li><li><em>meulage <\/em><\/li><li><em>et montage sur chantier<\/em><\/li><\/ul>\n\n\n\n<p>Gr\u00e2ce \u00e0 cet atelier, vous pouvez apprendre en vous amusant \u00e0 raviver le fer sans avoir peur des \u00e9tincelles<strong>.<\/strong><\/p>\n\n\n\n<p>&nbsp;<strong>Avis aux ferrugineux&nbsp;et \u00e0 ceux qui veulent le devenir!<\/strong><br><br><\/p>\n\n\n\n<figure class=\"wp-block-gallery columns-3 is-cropped wp-block-gallery-1 is-layout-flex wp-block-gallery-is-layout-flex\"><ul class=\"blocks-gallery-grid\"><li class=\"blocks-gallery-item\"><figure><img loading=\"lazy\" decoding=\"async\" width=\"1000\" height=\"668\" src=\"https:\/\/dkollektiv.org\/wp-content\/uploads\/2021\/11\/Sana-Murad-chantier2-2.jpg\" alt=\"\" data-id=\"2016\" data-full-url=\"https:\/\/dkollektiv.org\/wp-content\/uploads\/2021\/11\/Sana-Murad-chantier2-2.jpg\" data-link=\"https:\/\/dkollektiv.org\/metal\/sana-murad-chantier2-2\/\" class=\"wp-image-2016\" srcset=\"https:\/\/dkollektiv.org\/wp-content\/uploads\/2021\/11\/Sana-Murad-chantier2-2.jpg 1000w, https:\/\/dkollektiv.org\/wp-content\/uploads\/2021\/11\/Sana-Murad-chantier2-2-300x200.jpg 300w, https:\/\/dkollektiv.org\/wp-content\/uploads\/2021\/11\/Sana-Murad-chantier2-2-768x513.jpg 768w\" sizes=\"auto, (max-width: 1000px) 100vw, 1000px\" \/><\/figure><\/li><li class=\"blocks-gallery-item\"><figure><img loading=\"lazy\" decoding=\"async\" width=\"1000\" height=\"750\" src=\"https:\/\/dkollektiv.org\/wp-content\/uploads\/2021\/11\/DSF0711-1.jpg\" alt=\"\" data-id=\"2017\" data-full-url=\"https:\/\/dkollektiv.org\/wp-content\/uploads\/2021\/11\/DSF0711-1.jpg\" data-link=\"https:\/\/dkollektiv.org\/metal\/dsf0711-1\/\" class=\"wp-image-2017\" srcset=\"https:\/\/dkollektiv.org\/wp-content\/uploads\/2021\/11\/DSF0711-1.jpg 1000w, https:\/\/dkollektiv.org\/wp-content\/uploads\/2021\/11\/DSF0711-1-300x225.jpg 300w, https:\/\/dkollektiv.org\/wp-content\/uploads\/2021\/11\/DSF0711-1-768x576.jpg 768w\" sizes=\"auto, (max-width: 1000px) 100vw, 1000px\" \/><\/figure><\/li><li class=\"blocks-gallery-item\"><figure><img loading=\"lazy\" decoding=\"async\" width=\"1000\" height=\"668\" src=\"https:\/\/dkollektiv.org\/wp-content\/uploads\/2021\/11\/Sana-14.jpg\" alt=\"\" data-id=\"2018\" data-full-url=\"https:\/\/dkollektiv.org\/wp-content\/uploads\/2021\/11\/Sana-14.jpg\" data-link=\"https:\/\/dkollektiv.org\/metal\/sana-14\/\" class=\"wp-image-2018\" srcset=\"https:\/\/dkollektiv.org\/wp-content\/uploads\/2021\/11\/Sana-14.jpg 1000w, https:\/\/dkollektiv.org\/wp-content\/uploads\/2021\/11\/Sana-14-300x200.jpg 300w, https:\/\/dkollektiv.org\/wp-content\/uploads\/2021\/11\/Sana-14-768x513.jpg 768w\" sizes=\"auto, (max-width: 1000px) 100vw, 1000px\" \/><\/figure><\/li><\/ul><\/figure>\n","protected":false},"excerpt":{"rendered":"<p>En r\u00e9cup\u00e9rant des \u00e9l\u00e9ments de menuiserie m\u00e9tallique (portes, cadres de fen\u00eatres, gardes-corps\u2026) et d\u2019autres objets en acier qui ont&nbsp;surv\u00e9cu aux&nbsp;ann\u00e9es post \u2013 industrielles (gaines, outils, profil\u00e9s, t\u00f4les\u2026) pour les r\u00e9parer, les ajuster et les r\u00e9installer,&nbsp;les participants de l\u2019atelier \u00ab&nbsp;ferronerie&nbsp;\u00bb pourront acqu\u00e9rir des connaissances et&nbsp;pratiquer des techniques&nbsp;de base du travail du fer&nbsp;: D\u00e9coupe soudure meulage et &#8230;<\/p>\n","protected":false},"author":9,"featured_media":0,"parent":0,"menu_order":0,"comment_status":"closed","ping_status":"closed","template":"templates\/fullwidth.php","meta":{"footnotes":""},"class_list":["post-1881","page","type-page","status-publish","hentry"],"_links":{"self":[{"href":"https:\/\/dkollektiv.org\/dkollage\/wp-json\/wp\/v2\/pages\/1881","targetHints":{"allow":["GET"]}}],"collection":[{"href":"https:\/\/dkollektiv.org\/dkollage\/wp-json\/wp\/v2\/pages"}],"about":[{"href":"https:\/\/dkollektiv.org\/dkollage\/wp-json\/wp\/v2\/types\/page"}],"author":[{"embeddable":true,"href":"https:\/\/dkollektiv.org\/dkollage\/wp-json\/wp\/v2\/users\/9"}],"replies":[{"embeddable":true,"href":"https:\/\/dkollektiv.org\/dkollage\/wp-json\/wp\/v2\/comments?post=1881"}],"version-history":[{"count":7,"href":"https:\/\/dkollektiv.org\/dkollage\/wp-json\/wp\/v2\/pages\/1881\/revisions"}],"predecessor-version":[{"id":2240,"href":"https:\/\/dkollektiv.org\/dkollage\/wp-json\/wp\/v2\/pages\/1881\/revisions\/2240"}],"wp:attachment":[{"href":"https:\/\/dkollektiv.org\/dkollage\/wp-json\/wp\/v2\/media?parent=1881"}],"curies":[{"name":"wp","href":"https:\/\/api.w.org\/{rel}","templated":true}]}}