{"id":1883,"date":"2021-10-20T17:19:41","date_gmt":"2021-10-20T15:19:41","guid":{"rendered":"https:\/\/dkollektiv.org\/?page_id=1883"},"modified":"2022-01-25T12:21:13","modified_gmt":"2022-01-25T11:21:13","slug":"bois","status":"publish","type":"page","link":"https:\/\/dkollektiv.org\/dkollage\/bois\/","title":{"rendered":"Bois"},"content":{"rendered":"\n<hr class=\"wp-block-separator has-text-color has-background has-black-background-color has-black-color\"\/>\n\n\n\n<h2 class=\"wp-block-heading\"><strong>Gem\u00e9isb\u00fchn<\/strong><\/h2>\n\n\n\n<hr class=\"wp-block-separator has-text-color has-background has-black-background-color has-black-color\"\/>\n\n\n\n<p>Cet \u00e9l\u00e9ment centrale de la nouvelle cour, accessible au public \u00e0 partir de l\u2019ann\u00e9e 2022 se situe entre l\u2019ancien atelier des locomotives et le Wagonnage. La \u201cGem\u00e9isb\u00fchn\u201d int\u00e8gre une sc\u00e8ne d\u2019experimentation entour\u00e9e de bacs \u00e0 plantations et la structure a \u00e9t\u00e9 r\u00e9alis\u00e9 \u00e0 base d\u2019une vieille toiture en bois recup\u00e9r\u00e9e. A c\u00f4t\u00e9 des plantation de l\u00e9gumes, des bouleaux qui devront \u00eatre abattus sur le site, \u00e9taient sauv\u00e9s et replant\u00e9s pour souligner le symbole pionnier de l\u2019arbe et de notre projet.<br><br><br><\/p>\n\n\n\n<figure class=\"wp-block-gallery columns-2 is-cropped wp-block-gallery-1 is-layout-flex wp-block-gallery-is-layout-flex\"><ul class=\"blocks-gallery-grid\"><li class=\"blocks-gallery-item\"><figure><img loading=\"lazy\" decoding=\"async\" width=\"1024\" height=\"768\" src=\"https:\/\/dkollektiv.org\/wp-content\/uploads\/2021\/11\/IMG_1075-1024x768.jpeg\" alt=\"\" data-id=\"2021\" data-full-url=\"https:\/\/dkollektiv.org\/wp-content\/uploads\/2021\/11\/IMG_1075-scaled.jpeg\" data-link=\"https:\/\/dkollektiv.org\/bois\/img_1075\/\" class=\"wp-image-2021\" srcset=\"https:\/\/dkollektiv.org\/wp-content\/uploads\/2021\/11\/IMG_1075-1024x768.jpeg 1024w, https:\/\/dkollektiv.org\/wp-content\/uploads\/2021\/11\/IMG_1075-300x225.jpeg 300w, https:\/\/dkollektiv.org\/wp-content\/uploads\/2021\/11\/IMG_1075-768x576.jpeg 768w, https:\/\/dkollektiv.org\/wp-content\/uploads\/2021\/11\/IMG_1075-1536x1152.jpeg 1536w, https:\/\/dkollektiv.org\/wp-content\/uploads\/2021\/11\/IMG_1075-2048x1536.jpeg 2048w\" sizes=\"auto, (max-width: 1024px) 100vw, 1024px\" \/><\/figure><\/li><li class=\"blocks-gallery-item\"><figure><img loading=\"lazy\" decoding=\"async\" width=\"1024\" height=\"768\" src=\"https:\/\/dkollektiv.org\/wp-content\/uploads\/2021\/11\/IMG_0244-1024x768.jpeg\" alt=\"\" data-id=\"2022\" data-full-url=\"https:\/\/dkollektiv.org\/wp-content\/uploads\/2021\/11\/IMG_0244-scaled.jpeg\" data-link=\"https:\/\/dkollektiv.org\/bois\/img_0244\/\" class=\"wp-image-2022\" srcset=\"https:\/\/dkollektiv.org\/wp-content\/uploads\/2021\/11\/IMG_0244-1024x768.jpeg 1024w, https:\/\/dkollektiv.org\/wp-content\/uploads\/2021\/11\/IMG_0244-300x225.jpeg 300w, https:\/\/dkollektiv.org\/wp-content\/uploads\/2021\/11\/IMG_0244-768x576.jpeg 768w, https:\/\/dkollektiv.org\/wp-content\/uploads\/2021\/11\/IMG_0244-1536x1152.jpeg 1536w, https:\/\/dkollektiv.org\/wp-content\/uploads\/2021\/11\/IMG_0244-2048x1536.jpeg 2048w\" sizes=\"auto, (max-width: 1024px) 100vw, 1024px\" \/><\/figure><\/li><\/ul><\/figure>\n\n\n\n<h2 class=\"wp-block-heading\">Mobiliers \u00e0 l\u00e9gumes<\/h2>\n\n\n\n<hr class=\"wp-block-separator has-text-color has-background has-black-background-color has-black-color\"\/>\n\n\n\n<p>Ces mobiliers en bois ont \u00e9t\u00e9 cr\u00e9es avec les \u00e9l\u00e8ves du Lyc\u00e9e Guillaume Kroll dans le cadre du Cap Futur. Ces structures en bois avec une base en palettes pour pouvoir les d\u00e9placer facilement, int\u00e8grent toutes un banc et un bac \u00e0 l\u00e9gumes et incitent \u00e0 s\u2019occuper ou manger des l\u00e9gumes en se relaxant.<br><br><\/p>\n\n\n\n<figure class=\"wp-block-gallery columns-2 is-cropped wp-block-gallery-2 is-layout-flex wp-block-gallery-is-layout-flex\"><ul class=\"blocks-gallery-grid\"><li class=\"blocks-gallery-item\"><figure><img loading=\"lazy\" decoding=\"async\" width=\"1024\" height=\"768\" src=\"https:\/\/dkollektiv.org\/wp-content\/uploads\/2021\/11\/IMG_0398-1024x768.jpeg\" alt=\"\" data-id=\"2025\" data-full-url=\"https:\/\/dkollektiv.org\/wp-content\/uploads\/2021\/11\/IMG_0398-scaled.jpeg\" data-link=\"https:\/\/dkollektiv.org\/bois\/img_0398\/\" class=\"wp-image-2025\" srcset=\"https:\/\/dkollektiv.org\/wp-content\/uploads\/2021\/11\/IMG_0398-1024x768.jpeg 1024w, https:\/\/dkollektiv.org\/wp-content\/uploads\/2021\/11\/IMG_0398-300x225.jpeg 300w, https:\/\/dkollektiv.org\/wp-content\/uploads\/2021\/11\/IMG_0398-768x576.jpeg 768w, https:\/\/dkollektiv.org\/wp-content\/uploads\/2021\/11\/IMG_0398-1536x1152.jpeg 1536w, https:\/\/dkollektiv.org\/wp-content\/uploads\/2021\/11\/IMG_0398-2048x1536.jpeg 2048w\" sizes=\"auto, (max-width: 1024px) 100vw, 1024px\" \/><\/figure><\/li><li class=\"blocks-gallery-item\"><figure><img loading=\"lazy\" decoding=\"async\" width=\"1024\" height=\"768\" src=\"https:\/\/dkollektiv.org\/wp-content\/uploads\/2021\/11\/IMG_0237-1024x768.jpeg\" alt=\"\" data-id=\"2026\" data-full-url=\"https:\/\/dkollektiv.org\/wp-content\/uploads\/2021\/11\/IMG_0237-scaled.jpeg\" data-link=\"https:\/\/dkollektiv.org\/bois\/img_0237\/\" class=\"wp-image-2026\" srcset=\"https:\/\/dkollektiv.org\/wp-content\/uploads\/2021\/11\/IMG_0237-1024x768.jpeg 1024w, https:\/\/dkollektiv.org\/wp-content\/uploads\/2021\/11\/IMG_0237-300x225.jpeg 300w, https:\/\/dkollektiv.org\/wp-content\/uploads\/2021\/11\/IMG_0237-768x576.jpeg 768w, https:\/\/dkollektiv.org\/wp-content\/uploads\/2021\/11\/IMG_0237-1536x1152.jpeg 1536w, https:\/\/dkollektiv.org\/wp-content\/uploads\/2021\/11\/IMG_0237-2048x1536.jpeg 2048w\" sizes=\"auto, (max-width: 1024px) 100vw, 1024px\" \/><\/figure><\/li><\/ul><\/figure>\n","protected":false},"excerpt":{"rendered":"<p>Gem\u00e9isb\u00fchn Cet \u00e9l\u00e9ment centrale de la nouvelle cour, accessible au public \u00e0 partir de l\u2019ann\u00e9e 2022 se situe entre l\u2019ancien atelier des locomotives et le Wagonnage. La \u201cGem\u00e9isb\u00fchn\u201d int\u00e8gre une sc\u00e8ne d\u2019experimentation entour\u00e9e de bacs \u00e0 plantations et la structure a \u00e9t\u00e9 r\u00e9alis\u00e9 \u00e0 base d\u2019une vieille toiture en bois recup\u00e9r\u00e9e. A c\u00f4t\u00e9 des plantation &#8230;<\/p>\n","protected":false},"author":9,"featured_media":0,"parent":0,"menu_order":0,"comment_status":"closed","ping_status":"closed","template":"templates\/fullwidth.php","meta":{"footnotes":""},"class_list":["post-1883","page","type-page","status-publish","hentry"],"_links":{"self":[{"href":"https:\/\/dkollektiv.org\/dkollage\/wp-json\/wp\/v2\/pages\/1883","targetHints":{"allow":["GET"]}}],"collection":[{"href":"https:\/\/dkollektiv.org\/dkollage\/wp-json\/wp\/v2\/pages"}],"about":[{"href":"https:\/\/dkollektiv.org\/dkollage\/wp-json\/wp\/v2\/types\/page"}],"author":[{"embeddable":true,"href":"https:\/\/dkollektiv.org\/dkollage\/wp-json\/wp\/v2\/users\/9"}],"replies":[{"embeddable":true,"href":"https:\/\/dkollektiv.org\/dkollage\/wp-json\/wp\/v2\/comments?post=1883"}],"version-history":[{"count":8,"href":"https:\/\/dkollektiv.org\/dkollage\/wp-json\/wp\/v2\/pages\/1883\/revisions"}],"predecessor-version":[{"id":2244,"href":"https:\/\/dkollektiv.org\/dkollage\/wp-json\/wp\/v2\/pages\/1883\/revisions\/2244"}],"wp:attachment":[{"href":"https:\/\/dkollektiv.org\/dkollage\/wp-json\/wp\/v2\/media?parent=1883"}],"curies":[{"name":"wp","href":"https:\/\/api.w.org\/{rel}","templated":true}]}}