{"id":1977,"date":"2021-11-08T22:29:18","date_gmt":"2021-11-08T21:29:18","guid":{"rendered":"https:\/\/dkollektiv.org\/?page_id=1977"},"modified":"2021-11-08T22:42:00","modified_gmt":"2021-11-08T21:42:00","slug":"chantiers-participatifs","status":"publish","type":"page","link":"https:\/\/dkollektiv.org\/dkollage\/chantiers-participatifs\/","title":{"rendered":"Chantiers participatifs"},"content":{"rendered":"\n<hr class=\"wp-block-separator has-text-color has-background has-black-background-color has-black-color\"\/>\n\n\n\n<p>La phase 4 est sur le point d\u2019\u00eatre enclench\u00e9e. Les projets cr\u00e9\u00e9s en syn\u00e9rgie avec les diff\u00e9rentes associatons se concr\u00e9tisent tout comme le carrelage coll\u00e9 dans les espaces en r\u00e9novation.\u00a0<br>N\u00e9anmoins le travail n\u2019est pas en reste, retrousse tes manches et rejoins nous avec les pinceaux \u00e0 la main et le marteau au poings.<\/p>\n\n\n\n<div class=\"wp-block-buttons is-layout-flex wp-block-buttons-is-layout-flex\">\n<div class=\"wp-block-button\"><a class=\"wp-block-button__link\" href=\"https:\/\/dkollektiv.org\/dkollage-2\/\">Je m&rsquo;inscris<\/a><\/div>\n<\/div>\n\n\n\n<p><br><\/p>\n\n\n\n<figure class=\"wp-block-gallery columns-3 is-cropped wp-block-gallery-1 is-layout-flex wp-block-gallery-is-layout-flex\"><ul class=\"blocks-gallery-grid\"><li class=\"blocks-gallery-item\"><figure><img loading=\"lazy\" decoding=\"async\" width=\"240\" height=\"160\" src=\"https:\/\/dkollektiv.org\/wp-content\/uploads\/2021\/11\/L1012461.jpg\" alt=\"\" data-id=\"1981\" data-full-url=\"https:\/\/dkollektiv.org\/wp-content\/uploads\/2021\/11\/L1012461.jpg\" data-link=\"https:\/\/dkollektiv.org\/chantiers-participatifs\/l1012461\/\" class=\"wp-image-1981\"\/><\/figure><\/li><li class=\"blocks-gallery-item\"><figure><img loading=\"lazy\" decoding=\"async\" width=\"240\" height=\"160\" src=\"https:\/\/dkollektiv.org\/wp-content\/uploads\/2021\/11\/L1012469.jpg\" alt=\"\" data-id=\"1982\" data-full-url=\"https:\/\/dkollektiv.org\/wp-content\/uploads\/2021\/11\/L1012469.jpg\" data-link=\"https:\/\/dkollektiv.org\/chantiers-participatifs\/l1012469\/\" class=\"wp-image-1982\"\/><\/figure><\/li><li class=\"blocks-gallery-item\"><figure><img loading=\"lazy\" decoding=\"async\" width=\"240\" height=\"320\" src=\"https:\/\/dkollektiv.org\/wp-content\/uploads\/2021\/11\/DSF0740-1.jpg\" alt=\"\" data-id=\"1983\" data-full-url=\"https:\/\/dkollektiv.org\/wp-content\/uploads\/2021\/11\/DSF0740-1.jpg\" data-link=\"https:\/\/dkollektiv.org\/chantiers-participatifs\/dsf0740-1\/\" class=\"wp-image-1983\" srcset=\"https:\/\/dkollektiv.org\/wp-content\/uploads\/2021\/11\/DSF0740-1.jpg 240w, https:\/\/dkollektiv.org\/wp-content\/uploads\/2021\/11\/DSF0740-1-225x300.jpg 225w\" sizes=\"auto, (max-width: 240px) 100vw, 240px\" \/><\/figure><\/li><li class=\"blocks-gallery-item\"><figure><img loading=\"lazy\" decoding=\"async\" width=\"240\" height=\"180\" src=\"https:\/\/dkollektiv.org\/wp-content\/uploads\/2021\/11\/DSF0711.jpg\" alt=\"\" data-id=\"1984\" data-full-url=\"https:\/\/dkollektiv.org\/wp-content\/uploads\/2021\/11\/DSF0711.jpg\" data-link=\"https:\/\/dkollektiv.org\/chantiers-participatifs\/dsf0711\/\" class=\"wp-image-1984\"\/><\/figure><\/li><li class=\"blocks-gallery-item\"><figure><img loading=\"lazy\" decoding=\"async\" width=\"240\" height=\"320\" src=\"https:\/\/dkollektiv.org\/wp-content\/uploads\/2021\/11\/DSF0850-1.jpg\" alt=\"\" data-id=\"1985\" data-full-url=\"https:\/\/dkollektiv.org\/wp-content\/uploads\/2021\/11\/DSF0850-1.jpg\" data-link=\"https:\/\/dkollektiv.org\/chantiers-participatifs\/dsf0850-1\/\" class=\"wp-image-1985\" srcset=\"https:\/\/dkollektiv.org\/wp-content\/uploads\/2021\/11\/DSF0850-1.jpg 240w, https:\/\/dkollektiv.org\/wp-content\/uploads\/2021\/11\/DSF0850-1-225x300.jpg 225w\" sizes=\"auto, (max-width: 240px) 100vw, 240px\" \/><\/figure><\/li><\/ul><\/figure>\n\n\n\n<h2 class=\"wp-block-heading\"><strong>Prochaines dates<\/strong><\/h2>\n\n\n\n<hr class=\"wp-block-separator has-text-color has-background has-black-background-color has-black-color\"\/>\n\n\n\n<p><strong>Chantier participatif <\/strong><\/p>\n\n\n\n<p><strong>20.11 \/ 04.12 \/ 18.12<br>&gt; 9:30 \u2013 17:00&nbsp;<\/strong><\/p>\n","protected":false},"excerpt":{"rendered":"<p>La phase 4 est sur le point d\u2019\u00eatre enclench\u00e9e. Les projets cr\u00e9\u00e9s en syn\u00e9rgie avec les diff\u00e9rentes associatons se concr\u00e9tisent tout comme le carrelage coll\u00e9 dans les espaces en r\u00e9novation.\u00a0N\u00e9anmoins le travail n\u2019est pas en reste, retrousse tes manches et rejoins nous avec les pinceaux \u00e0 la main et le marteau au poings. Prochaines dates &#8230;<\/p>\n","protected":false},"author":9,"featured_media":0,"parent":0,"menu_order":0,"comment_status":"closed","ping_status":"closed","template":"templates\/fullwidth.php","meta":{"footnotes":""},"class_list":["post-1977","page","type-page","status-publish","hentry"],"_links":{"self":[{"href":"https:\/\/dkollektiv.org\/dkollage\/wp-json\/wp\/v2\/pages\/1977","targetHints":{"allow":["GET"]}}],"collection":[{"href":"https:\/\/dkollektiv.org\/dkollage\/wp-json\/wp\/v2\/pages"}],"about":[{"href":"https:\/\/dkollektiv.org\/dkollage\/wp-json\/wp\/v2\/types\/page"}],"author":[{"embeddable":true,"href":"https:\/\/dkollektiv.org\/dkollage\/wp-json\/wp\/v2\/users\/9"}],"replies":[{"embeddable":true,"href":"https:\/\/dkollektiv.org\/dkollage\/wp-json\/wp\/v2\/comments?post=1977"}],"version-history":[{"count":6,"href":"https:\/\/dkollektiv.org\/dkollage\/wp-json\/wp\/v2\/pages\/1977\/revisions"}],"predecessor-version":[{"id":1994,"href":"https:\/\/dkollektiv.org\/dkollage\/wp-json\/wp\/v2\/pages\/1977\/revisions\/1994"}],"wp:attachment":[{"href":"https:\/\/dkollektiv.org\/dkollage\/wp-json\/wp\/v2\/media?parent=1977"}],"curies":[{"name":"wp","href":"https:\/\/api.w.org\/{rel}","templated":true}]}}