{"id":1995,"date":"2021-11-09T23:20:06","date_gmt":"2021-11-09T22:20:06","guid":{"rendered":"https:\/\/dkollektiv.org\/?page_id=1995"},"modified":"2022-01-11T16:46:21","modified_gmt":"2022-01-11T15:46:21","slug":"lieu","status":"publish","type":"page","link":"https:\/\/dkollektiv.org\/dkollage\/lieu\/","title":{"rendered":"Lieu"},"content":{"rendered":"\n<hr class=\"wp-block-separator has-text-color has-background has-black-background-color has-black-color\"\/>\n\n\n\n<figure class=\"wp-block-image size-large\"><img loading=\"lazy\" decoding=\"async\" width=\"843\" height=\"1024\" src=\"https:\/\/dkollektiv.org\/wp-content\/uploads\/2022\/01\/20220103_Axo_V5_text-843x1024.png\" alt=\"\" class=\"wp-image-2120\" srcset=\"https:\/\/dkollektiv.org\/wp-content\/uploads\/2022\/01\/20220103_Axo_V5_text-843x1024.png 843w, https:\/\/dkollektiv.org\/wp-content\/uploads\/2022\/01\/20220103_Axo_V5_text-247x300.png 247w, https:\/\/dkollektiv.org\/wp-content\/uploads\/2022\/01\/20220103_Axo_V5_text-768x933.png 768w, https:\/\/dkollektiv.org\/wp-content\/uploads\/2022\/01\/20220103_Axo_V5_text-1265x1536.png 1265w, https:\/\/dkollektiv.org\/wp-content\/uploads\/2022\/01\/20220103_Axo_V5_text-1686x2048.png 1686w\" sizes=\"auto, (max-width: 843px) 100vw, 843px\" \/><\/figure>\n\n\n\n<hr class=\"wp-block-separator has-text-color has-background has-black-background-color has-black-color\"\/>\n\n\n\n<div class=\"wp-block-columns is-layout-flex wp-container-core-columns-is-layout-9d6595d7 wp-block-columns-is-layout-flex\">\n<div class=\"wp-block-column is-layout-flow wp-block-column-is-layout-flow\" style=\"flex-basis:33.33%\">\n<figure class=\"wp-block-image size-large is-style-default\"><img loading=\"lazy\" decoding=\"async\" width=\"1024\" height=\"912\" src=\"https:\/\/dkollektiv.org\/wp-content\/uploads\/2022\/01\/1-er-etage-weva-1024x912.png\" alt=\"\" class=\"wp-image-2116\" srcset=\"https:\/\/dkollektiv.org\/wp-content\/uploads\/2022\/01\/1-er-etage-weva-1024x912.png 1024w, https:\/\/dkollektiv.org\/wp-content\/uploads\/2022\/01\/1-er-etage-weva-300x267.png 300w, https:\/\/dkollektiv.org\/wp-content\/uploads\/2022\/01\/1-er-etage-weva-768x684.png 768w, https:\/\/dkollektiv.org\/wp-content\/uploads\/2022\/01\/1-er-etage-weva.png 1264w\" sizes=\"auto, (max-width: 1024px) 100vw, 1024px\" \/><\/figure>\n<\/div>\n\n\n\n<div class=\"wp-block-column is-layout-flow wp-block-column-is-layout-flow\" style=\"flex-basis:66.66%\">\n<p><strong>VE<\/strong> <strong>0.1 Salle citoyenne<\/strong> <br>Salle multifonctionelle (r\u00e9unions, conf\u00e9rences, workshops&#8230;)<\/p>\n\n\n\n<figure class=\"wp-block-image size-full\"><img loading=\"lazy\" decoding=\"async\" width=\"1000\" height=\"300\" src=\"https:\/\/dkollektiv.org\/wp-content\/uploads\/2022\/01\/2019-2021_sallecitoyenne_N_.png\" alt=\"\" class=\"wp-image-2152\" srcset=\"https:\/\/dkollektiv.org\/wp-content\/uploads\/2022\/01\/2019-2021_sallecitoyenne_N_.png 1000w, https:\/\/dkollektiv.org\/wp-content\/uploads\/2022\/01\/2019-2021_sallecitoyenne_N_-300x90.png 300w, https:\/\/dkollektiv.org\/wp-content\/uploads\/2022\/01\/2019-2021_sallecitoyenne_N_-768x230.png 768w\" sizes=\"auto, (max-width: 1000px) 100vw, 1000px\" \/><\/figure>\n\n\n\n<hr class=\"wp-block-separator has-text-color has-background has-black-background-color has-black-color\"\/>\n\n\n\n<p><strong>VE<\/strong> <strong>0.2 Stockage<\/strong><\/p>\n\n\n\n<figure class=\"wp-block-image size-full\"><img loading=\"lazy\" decoding=\"async\" width=\"1000\" height=\"667\" src=\"https:\/\/dkollektiv.org\/wp-content\/uploads\/2022\/01\/stockage_N_.png\" alt=\"\" class=\"wp-image-2153\" srcset=\"https:\/\/dkollektiv.org\/wp-content\/uploads\/2022\/01\/stockage_N_.png 1000w, https:\/\/dkollektiv.org\/wp-content\/uploads\/2022\/01\/stockage_N_-300x200.png 300w, https:\/\/dkollektiv.org\/wp-content\/uploads\/2022\/01\/stockage_N_-768x512.png 768w\" sizes=\"auto, (max-width: 1000px) 100vw, 1000px\" \/><\/figure>\n\n\n\n<hr class=\"wp-block-separator has-text-color has-background has-black-background-color has-black-color\"\/>\n\n\n\n<p><strong>VE 0.3 Salle d&rsquo;eau \/ WC<\/strong><\/p>\n\n\n\n<figure class=\"wp-block-image size-full\"><img loading=\"lazy\" decoding=\"async\" width=\"1000\" height=\"334\" src=\"https:\/\/dkollektiv.org\/wp-content\/uploads\/2022\/01\/2019-2021_salledeau_E_-1.png\" alt=\"\" class=\"wp-image-2154\" srcset=\"https:\/\/dkollektiv.org\/wp-content\/uploads\/2022\/01\/2019-2021_salledeau_E_-1.png 1000w, https:\/\/dkollektiv.org\/wp-content\/uploads\/2022\/01\/2019-2021_salledeau_E_-1-300x100.png 300w, https:\/\/dkollektiv.org\/wp-content\/uploads\/2022\/01\/2019-2021_salledeau_E_-1-768x257.png 768w\" sizes=\"auto, (max-width: 1000px) 100vw, 1000px\" \/><\/figure>\n\n\n\n<hr class=\"wp-block-separator has-text-color has-background has-black-background-color has-black-color\"\/>\n\n\n\n<p><\/p>\n<\/div>\n<\/div>\n\n\n\n<hr class=\"wp-block-separator has-text-color has-background has-black-background-color has-black-color\"\/>\n\n\n\n<div class=\"wp-block-columns is-layout-flex wp-container-core-columns-is-layout-9d6595d7 wp-block-columns-is-layout-flex\">\n<div class=\"wp-block-column is-layout-flow wp-block-column-is-layout-flow\" style=\"flex-basis:33.33%\">\n<figure class=\"wp-block-image size-large\"><img loading=\"lazy\" decoding=\"async\" width=\"1024\" height=\"885\" src=\"https:\/\/dkollektiv.org\/wp-content\/uploads\/2022\/01\/2e-etage-weva-1024x885.png\" alt=\"\" class=\"wp-image-2118\" srcset=\"https:\/\/dkollektiv.org\/wp-content\/uploads\/2022\/01\/2e-etage-weva-1024x885.png 1024w, https:\/\/dkollektiv.org\/wp-content\/uploads\/2022\/01\/2e-etage-weva-300x259.png 300w, https:\/\/dkollektiv.org\/wp-content\/uploads\/2022\/01\/2e-etage-weva-768x664.png 768w, https:\/\/dkollektiv.org\/wp-content\/uploads\/2022\/01\/2e-etage-weva.png 1303w\" sizes=\"auto, (max-width: 1024px) 100vw, 1024px\" \/><\/figure>\n<\/div>\n\n\n\n<div class=\"wp-block-column is-layout-flow wp-block-column-is-layout-flow\" style=\"flex-basis:66.66%\">\n<p><strong>VE 1.1 Bureau DKollektiv<\/strong><\/p>\n\n\n\n<figure class=\"wp-block-image size-full\"><img loading=\"lazy\" decoding=\"async\" width=\"1000\" height=\"336\" src=\"https:\/\/dkollektiv.org\/wp-content\/uploads\/2022\/01\/2019-2021_bureauDKollektiv_S_.png\" alt=\"\" class=\"wp-image-2155\" srcset=\"https:\/\/dkollektiv.org\/wp-content\/uploads\/2022\/01\/2019-2021_bureauDKollektiv_S_.png 1000w, https:\/\/dkollektiv.org\/wp-content\/uploads\/2022\/01\/2019-2021_bureauDKollektiv_S_-300x101.png 300w, https:\/\/dkollektiv.org\/wp-content\/uploads\/2022\/01\/2019-2021_bureauDKollektiv_S_-768x258.png 768w\" sizes=\"auto, (max-width: 1000px) 100vw, 1000px\" \/><\/figure>\n\n\n\n<hr class=\"wp-block-separator has-text-color has-background has-black-background-color has-black-color\"\/>\n\n\n\n<p><meta charset=\"utf-8\"><strong>VE 1.2 Atelier graphique<\/strong> <strong>\/ textile<\/strong> <br>(techniques d&rsquo;impression, bricolage, couture) <\/p>\n\n\n\n<figure class=\"wp-block-image size-full\"><img loading=\"lazy\" decoding=\"async\" width=\"1000\" height=\"336\" src=\"https:\/\/dkollektiv.org\/wp-content\/uploads\/2022\/01\/2019-2021_ateliergraphique_S_.jpg\" alt=\"\" class=\"wp-image-2156\" srcset=\"https:\/\/dkollektiv.org\/wp-content\/uploads\/2022\/01\/2019-2021_ateliergraphique_S_.jpg 1000w, https:\/\/dkollektiv.org\/wp-content\/uploads\/2022\/01\/2019-2021_ateliergraphique_S_-300x101.jpg 300w, https:\/\/dkollektiv.org\/wp-content\/uploads\/2022\/01\/2019-2021_ateliergraphique_S_-768x258.jpg 768w\" sizes=\"auto, (max-width: 1000px) 100vw, 1000px\" \/><\/figure>\n\n\n\n<hr class=\"wp-block-separator has-text-color has-background has-black-background-color has-black-color is-style-default\"\/>\n\n\n\n<p><meta charset=\"utf-8\"><strong>VE 1.3 Labo photo \/ film \/ s\u00e9rigraphie<\/strong><br>(chambre noire, d\u00e9veloppements et tirages) <\/p>\n\n\n\n<figure class=\"wp-block-image size-full\"><img loading=\"lazy\" decoding=\"async\" width=\"1000\" height=\"336\" src=\"https:\/\/dkollektiv.org\/wp-content\/uploads\/2022\/01\/2019-2021_labophoto_N_.png\" alt=\"\" class=\"wp-image-2157\" srcset=\"https:\/\/dkollektiv.org\/wp-content\/uploads\/2022\/01\/2019-2021_labophoto_N_.png 1000w, https:\/\/dkollektiv.org\/wp-content\/uploads\/2022\/01\/2019-2021_labophoto_N_-300x101.png 300w, https:\/\/dkollektiv.org\/wp-content\/uploads\/2022\/01\/2019-2021_labophoto_N_-768x258.png 768w\" sizes=\"auto, (max-width: 1000px) 100vw, 1000px\" \/><\/figure>\n\n\n\n<hr class=\"wp-block-separator has-text-color has-background has-black-background-color has-black-color is-style-default\"\/>\n<\/div>\n<\/div>\n\n\n\n<hr class=\"wp-block-separator has-text-color has-background has-black-background-color has-black-color\"\/>\n\n\n\n<div class=\"wp-block-columns is-layout-flex wp-container-core-columns-is-layout-9d6595d7 wp-block-columns-is-layout-flex\">\n<div class=\"wp-block-column is-layout-flow wp-block-column-is-layout-flow\" style=\"flex-basis:33.33%\">\n<figure class=\"wp-block-image size-large\"><img loading=\"lazy\" decoding=\"async\" width=\"1024\" height=\"912\" src=\"https:\/\/dkollektiv.org\/wp-content\/uploads\/2022\/01\/hall-weva-1024x912.png\" alt=\"\" class=\"wp-image-2119\" srcset=\"https:\/\/dkollektiv.org\/wp-content\/uploads\/2022\/01\/hall-weva-1024x912.png 1024w, https:\/\/dkollektiv.org\/wp-content\/uploads\/2022\/01\/hall-weva-300x267.png 300w, https:\/\/dkollektiv.org\/wp-content\/uploads\/2022\/01\/hall-weva-768x684.png 768w, https:\/\/dkollektiv.org\/wp-content\/uploads\/2022\/01\/hall-weva.png 1264w\" sizes=\"auto, (max-width: 1024px) 100vw, 1024px\" \/><\/figure>\n<\/div>\n\n\n\n<div class=\"wp-block-column is-layout-flow wp-block-column-is-layout-flow\" style=\"flex-basis:66.66%\">\n<p><meta charset=\"utf-8\"><strong>WA 1 Espace constructions<\/strong><\/p>\n\n\n\n<p>(espace libre d&rsquo;assemblage et de construction pour projets temporaires de grand format)<\/p>\n\n\n\n<hr class=\"wp-block-separator has-text-color has-background has-black-background-color has-black-color\"\/>\n\n\n\n<p><meta charset=\"utf-8\"><strong>WA 2 Atelier bois<\/strong> <strong>\/ m\u00e9tal<\/strong><\/p>\n\n\n\n<hr class=\"wp-block-separator has-text-color has-background has-black-background-color has-black-color\"\/>\n\n\n\n<p><strong>WA 3 Espace conteneurs<\/strong><\/p>\n\n\n\n<p><meta charset=\"utf-8\">(espace locatif pour projets cr\u00e9atifs ponctuels)<\/p>\n\n\n\n<hr class=\"wp-block-separator has-text-color has-background has-black-background-color has-black-color\"\/>\n\n\n\n<p><meta charset=\"utf-8\"><strong><strong>WA <\/strong>4 Sc\u00e8ne<\/strong><\/p>\n\n\n\n<p>(jam sessions, performances experimentales)<\/p>\n\n\n\n<hr class=\"wp-block-separator has-text-color has-background has-black-background-color has-black-color\"\/>\n\n\n\n<p><strong>WA 5 Atelier v\u00e9lo<\/strong><\/p>\n\n\n\n<p>(r\u00e9paration et construction de v\u00e9los, initiation \u00e0 la mobilit\u00e9 cr\u00e9ative)<\/p>\n\n\n\n<hr class=\"wp-block-separator has-text-color has-background has-black-background-color has-black-color\"\/>\n\n\n\n<p><strong>WA 6 Mat\u00e9riauth\u00e8que<\/strong><\/p>\n\n\n\n<p>(stockage et mise \u00e0 disposition de mat\u00e9riaux r\u00e9cup\u00e9r\u00e9s)<\/p>\n\n\n\n<hr class=\"wp-block-separator has-text-color has-background has-black-background-color has-black-color\"\/>\n\n\n\n<figure class=\"wp-block-image size-full\"><img loading=\"lazy\" decoding=\"async\" width=\"1000\" height=\"839\" src=\"https:\/\/dkollektiv.org\/wp-content\/uploads\/2022\/01\/2019-2021_hallwagonnage_S_compr.png\" alt=\"\" class=\"wp-image-2158\" srcset=\"https:\/\/dkollektiv.org\/wp-content\/uploads\/2022\/01\/2019-2021_hallwagonnage_S_compr.png 1000w, https:\/\/dkollektiv.org\/wp-content\/uploads\/2022\/01\/2019-2021_hallwagonnage_S_compr-300x252.png 300w, https:\/\/dkollektiv.org\/wp-content\/uploads\/2022\/01\/2019-2021_hallwagonnage_S_compr-768x644.png 768w\" sizes=\"auto, (max-width: 1000px) 100vw, 1000px\" \/><\/figure>\n<\/div>\n<\/div>\n\n\n\n<hr class=\"wp-block-separator has-text-color has-background has-black-background-color has-black-color\"\/>\n\n\n\n<p><\/p>\n","protected":false},"excerpt":{"rendered":"<p>VE 0.1 Salle citoyenne Salle multifonctionelle (r\u00e9unions, conf\u00e9rences, workshops&#8230;) VE 0.2 Stockage VE 0.3 Salle d&rsquo;eau \/ WC VE 1.1 Bureau DKollektiv VE 1.2 Atelier graphique \/ textile (techniques d&rsquo;impression, bricolage, couture) VE 1.3 Labo photo \/ film \/ s\u00e9rigraphie(chambre noire, d\u00e9veloppements et tirages) WA 1 Espace constructions (espace libre d&rsquo;assemblage et de construction pour &#8230;<\/p>\n","protected":false},"author":9,"featured_media":0,"parent":0,"menu_order":0,"comment_status":"closed","ping_status":"closed","template":"templates\/fullwidth.php","meta":{"footnotes":""},"class_list":["post-1995","page","type-page","status-publish","hentry"],"_links":{"self":[{"href":"https:\/\/dkollektiv.org\/dkollage\/wp-json\/wp\/v2\/pages\/1995","targetHints":{"allow":["GET"]}}],"collection":[{"href":"https:\/\/dkollektiv.org\/dkollage\/wp-json\/wp\/v2\/pages"}],"about":[{"href":"https:\/\/dkollektiv.org\/dkollage\/wp-json\/wp\/v2\/types\/page"}],"author":[{"embeddable":true,"href":"https:\/\/dkollektiv.org\/dkollage\/wp-json\/wp\/v2\/users\/9"}],"replies":[{"embeddable":true,"href":"https:\/\/dkollektiv.org\/dkollage\/wp-json\/wp\/v2\/comments?post=1995"}],"version-history":[{"count":33,"href":"https:\/\/dkollektiv.org\/dkollage\/wp-json\/wp\/v2\/pages\/1995\/revisions"}],"predecessor-version":[{"id":2533,"href":"https:\/\/dkollektiv.org\/dkollage\/wp-json\/wp\/v2\/pages\/1995\/revisions\/2533"}],"wp:attachment":[{"href":"https:\/\/dkollektiv.org\/dkollage\/wp-json\/wp\/v2\/media?parent=1995"}],"curies":[{"name":"wp","href":"https:\/\/api.w.org\/{rel}","templated":true}]}}