{"id":20,"date":"2016-04-21T17:27:48","date_gmt":"2016-04-21T16:27:48","guid":{"rendered":"http:\/\/dkollektiv.organicdesignlabs.comanicdesignlabs.com\/?page_id=20"},"modified":"2016-05-10T18:10:34","modified_gmt":"2016-05-10T17:10:34","slug":"op-e-patt-mam","status":"publish","type":"page","link":"https:\/\/dkollektiv.org\/dkollage\/op-e-patt-mam\/","title":{"rendered":"\u00ab Op e patt mam&#8230; \u00bb"},"content":{"rendered":"<p><div class=\"one_half\"><br \/>\n<img loading=\"lazy\" decoding=\"async\" class=\"aligncenter size-full wp-image-223\" src=\"http:\/\/dkollektiv.organicdesignlabs.com\/wp-content\/uploads\/2016\/04\/opepatt-1.png\" alt=\"opepatt\" width=\"815\" height=\"600\" srcset=\"https:\/\/dkollektiv.org\/wp-content\/uploads\/2016\/04\/opepatt-1.png 815w, https:\/\/dkollektiv.org\/wp-content\/uploads\/2016\/04\/opepatt-1-300x221.png 300w, https:\/\/dkollektiv.org\/wp-content\/uploads\/2016\/04\/opepatt-1-768x565.png 768w\" sizes=\"auto, (max-width: 815px) 100vw, 815px\" \/><br \/>\nPetit clin d\u2019\u0153il aux \u00ab\u00a0Schichtcaf\u00e9s\u00a0\u00bb d\u2019antan, ces pots-discussions ont lieu au kiosque sur la place de l\u2019H\u00f4tel de Ville de Dudelange.<br \/>\nS\u00e9rie de rencontres en compagnie d\u2019experts, d\u2019artistes et de gens engag\u00e9s. Nous allons partager ensemble des r\u00e9flexions et des id\u00e9es li\u00e9es au pass\u00e9 industriel de notre r\u00e9gion, mais \u00e9galement sur le futur de ces villes et l\u2019\u00e9volution de certaines pratiques industrielles.Les discussions sont accompagn\u00e9es d\u2019une programmation artistique.\n<p>\u00c9v\u00e9nements gratuits dans un cadre convivial et d\u00e9tendu qui invite au dialogue. En cas d\u2019intemp\u00e9ries nous vous retrouvons dans le hall de l\u2019H\u00f4tel de Ville.<\/p>\n<h3>Cin\u00e9-Breakfast<\/h3>\n<p>Des films en relation avec les th\u00e9matiques seront propos\u00e9s par le CNA \u00e0 la M\u00e9diath\u00e8que, les samedis du 21 mai au 16 juillet. (d\u00e9but \u00e0 11h)<\/p>\n<p>Une s\u00e9lection de films et publications autour des m\u00eames th\u00e8mes sont propos\u00e9s par la M\u00e9diath\u00e8que du CNA tout au long du festival de la culture industrielle et de l\u2019innovation.<br \/>\nwww.cna.etat.lu<\/p><\/div><div class=\"one_half_last\">\n<h2>[La femme dans<br \/>\nl\u2019industrie]<\/h2>\n<h4>mercredi 1 juin \u00e0 20h<\/h4>\n<p>Les femmes dans le monde industriel : ouvri\u00e8res, couveuses, \u00e9mancipatrices&#8230;?<\/p>\n<p>Jana Meisser (Head of Steelplant, Arcelor Mittal Differdange)<br \/>\nMarie-Christine Mariani (chef de l\u2019entreprise MCM Steel)<br \/>\nCatherine Richard (cin\u00e9aste)<\/p>\n<p>Projection du film \u00ab\u00a0Vu Fraen an Eisen\u00a0\u00bb de Catherine Richard<\/p>\n<h2>[L\u2019ouvrier entre mythe et r\u00e9alit\u00e9]<\/h2>\n<h4>mercredi 8 juin \u00e0 19h<\/h4>\n<p>L\u2018\u00e9volution de la repr\u00e9sentation de l\u2018ouvrier<\/p>\n<p><strong>Ira Plein<\/strong> (chercheuse Uni.lu)<br \/>\n<strong>Mauro Pizziolo<\/strong> (chercheur, Uni.lu)<br \/>\n<strong>Jean Back<\/strong> (auteur)<\/p>\n<p>Lecture d\u2019extraits de textes par Jean Back<\/p>\n<h2>[La 3\u00e8me r\u00e9volution industrielle\u00a0?]<\/h2>\n<h4>mercredi 15 juin \u00e0 19h<\/h4>\n<p>L\u2018apparition de nouvelles formes de cr\u00e9ations et de productions<\/p>\n<p><strong>Jan Glas<\/strong> (design management &amp; strategy)<br \/>\n<strong>Gilles Gardula<\/strong> (G design)<br \/>\n<strong>Serge Ecker<\/strong> (Grid-Design)<br \/>\n<strong>Jailbird<\/strong> (social design)<br \/>\n<strong>Jean-Paul Carvalho<\/strong> (Mellem)<\/p>\n<p>Pr\u00e9sentation de pi\u00e8ces de design par diff\u00e9rents cr\u00e9ateurs<\/p>\n<h2>[Reconversion \/ Utopie]<\/h2>\n<h4>mardi 21 juin \u00e0 19h<\/h4>\n<p>Exp\u00e9riences et \u00e9changes : \u00e9tude de diff\u00e9rents sites industriels reconvertis<\/p>\n<p><strong>Tania Brugnoni<\/strong> (1535\u00b0C)<br \/>\n<strong>Michael Sacchi<\/strong> (Rockerill)<br \/>\n<strong>Christian Muno<\/strong> &amp; <strong>Ben Barnich<\/strong> (Bamhaus)<br \/>\n<strong>Margaux Milhade<\/strong> (Universit\u00e9 Foraine de Bataville)<br \/>\n<strong>Romain Simian<\/strong> (IPN)<\/p>\n<p>Performance de l\u2019artiste Romain Simian<br \/>\nVisite des cr\u00e9ations du projet \u00ab\u00a0Atelier Utopie\u00a0\u00bb\u00a0: rdv sur le site du laminoir (Atelier des locomotives) de 17h30 \u00e0 18h30<\/p>\n<p><\/p><\/div><\/p>\n","protected":false},"excerpt":{"rendered":"","protected":false},"author":2,"featured_media":0,"parent":0,"menu_order":0,"comment_status":"closed","ping_status":"closed","template":"templates\/fullwidth.php","meta":{"footnotes":""},"class_list":["post-20","page","type-page","status-publish","hentry"],"_links":{"self":[{"href":"https:\/\/dkollektiv.org\/dkollage\/wp-json\/wp\/v2\/pages\/20","targetHints":{"allow":["GET"]}}],"collection":[{"href":"https:\/\/dkollektiv.org\/dkollage\/wp-json\/wp\/v2\/pages"}],"about":[{"href":"https:\/\/dkollektiv.org\/dkollage\/wp-json\/wp\/v2\/types\/page"}],"author":[{"embeddable":true,"href":"https:\/\/dkollektiv.org\/dkollage\/wp-json\/wp\/v2\/users\/2"}],"replies":[{"embeddable":true,"href":"https:\/\/dkollektiv.org\/dkollage\/wp-json\/wp\/v2\/comments?post=20"}],"version-history":[{"count":37,"href":"https:\/\/dkollektiv.org\/dkollage\/wp-json\/wp\/v2\/pages\/20\/revisions"}],"predecessor-version":[{"id":233,"href":"https:\/\/dkollektiv.org\/dkollage\/wp-json\/wp\/v2\/pages\/20\/revisions\/233"}],"wp:attachment":[{"href":"https:\/\/dkollektiv.org\/dkollage\/wp-json\/wp\/v2\/media?parent=20"}],"curies":[{"name":"wp","href":"https:\/\/api.w.org\/{rel}","templated":true}]}}