{"id":2121,"date":"2022-01-11T14:58:50","date_gmt":"2022-01-11T13:58:50","guid":{"rendered":"https:\/\/dkollektiv.org\/?page_id=2121"},"modified":"2023-11-21T16:08:30","modified_gmt":"2023-11-21T15:08:30","slug":"historique","status":"publish","type":"page","link":"https:\/\/dkollektiv.org\/dkollage\/historique\/","title":{"rendered":"Historique du lieu"},"content":{"rendered":"\n<hr class=\"wp-block-separator has-text-color has-background has-black-background-color has-black-color\" id=\"block-0d0292b4-6d08-4c2a-8fdd-663a686863d5\"\/>\n\n\n\n<p id=\"block-7d9d7ef3-9ff8-4589-b605-48801ca519a6\">\ufeff<\/p>\n\n\n\n<figure class=\"wp-block-image size-large\" id=\"block-637a6f6a-2787-475a-9d8d-c0de60050f8b\"><img loading=\"lazy\" decoding=\"async\" width=\"1024\" height=\"693\" src=\"https:\/\/dkollektiv.org\/wp-content\/uploads\/2022\/01\/ARBED-Dudelange-1974-1024x693.jpg\" alt=\"\" class=\"wp-image-2193\" srcset=\"https:\/\/dkollektiv.org\/wp-content\/uploads\/2022\/01\/ARBED-Dudelange-1974-1024x693.jpg 1024w, https:\/\/dkollektiv.org\/wp-content\/uploads\/2022\/01\/ARBED-Dudelange-1974-300x203.jpg 300w, https:\/\/dkollektiv.org\/wp-content\/uploads\/2022\/01\/ARBED-Dudelange-1974-768x520.jpg 768w, https:\/\/dkollektiv.org\/wp-content\/uploads\/2022\/01\/ARBED-Dudelange-1974-1536x1040.jpg 1536w, https:\/\/dkollektiv.org\/wp-content\/uploads\/2022\/01\/ARBED-Dudelange-1974.jpg 2023w\" sizes=\"auto, (max-width: 1024px) 100vw, 1024px\" \/><\/figure>\n\n\n\n<p id=\"block-cebcce04-1643-4d02-bcff-2af254460bdf\"><strong>Le hall du wagonnage<\/strong>&nbsp;a \u00e9t\u00e9 construit fin des ann\u00e9es 1930 en adjonction \u00e0 la sous-station des hauts-fourneaux (datant de 1928).&nbsp;<\/p>\n\n\n\n<p id=\"block-07940569-6bb7-4aeb-8437-26b24452224a\">Apr\u00e8s la mise en service des nouveaux laminoirs \u00e0 t\u00f4les au \u00ab\u00a0Greisendall\u00a0\u00bb (1926) ainsi que des 3 nouveaux hauts-fourneaux (1929-1931), le besoin accru en mat\u00e9riel roulant a rendu n\u00e9cessaire l&rsquo;am\u00e9nagement d&rsquo;un atelier s\u00e9par\u00e9 pour la r\u00e9paration du mat\u00e9riel roulant hors locomotives.<\/p>\n\n\n\n<p id=\"block-38f79ead-2737-4e3c-8cdf-f2f44a6e9eaf\">Le hall a \u00e9t\u00e9 agrandi avec une partie lat\u00e9rale en 1956 pour accueillir une 3e voie de r\u00e9paration avec fosse.&nbsp;<\/p>\n\n\n\n<p id=\"block-d6febdb2-3743-4e2d-a150-1331e865e6f9\">Le wagonnage servait \u00e0 r\u00e9parer tous les types de wagons (wagons \u00e0 minerai ou \u00e0 coke, cuves \u00e0 laitier, wagons plats etc.) appartenant \u00e0 l&rsquo;usine et circulant dans les diff\u00e9rents services ainsi que sur les voies menant aux crassiers. Y \u00e9taient r\u00e9alis\u00e9 surtout des travaux de serrurerie, de t\u00f4lerie et de peinture. Les travaux de tournage (axes et roues) \u00e9taient effectu\u00e9s dans l&rsquo;atelier central.&nbsp;<br>Avant la fermeture de la phase liquide, l&rsquo;usine comptait 14 locomotives et plus de 200 wagons sur un r\u00e9seau ferr\u00e9 interne de 26,2 km.<br><\/p>\n\n\n\n<figure class=\"wp-block-image\" id=\"block-7912e142-7bde-4c96-bfa3-dfd6a85073e9\"><img decoding=\"async\" src=\"https:\/\/dkollektiv.org\/wp-content\/uploads\/2021\/11\/Dia02-22-edited.jpg\" alt=\"L\u2019attribut alt de cette image est vide, son nom de fichier est Dia02-22-edited.jpg.\"\/><\/figure>\n\n\n\n<p id=\"block-bfc234fc-5533-44a9-b565-3b2bfed311fd\"><strong>Les vestiaires<\/strong>&nbsp;ont \u00e9t\u00e9 construits en prolongation nord du hall du wagonnage en 1955 et abritaient les bains-douches, WC&rsquo;s, un r\u00e9fectoire et des bureaux du service des constructions \u00ab\u00a0Baubetrieb\u00a0\u00bb, des ateliers des locomotives et du wagonnage.<\/p>\n\n\n\n<p id=\"block-b8927c6b-4b43-4011-b7c0-39b29446087b\">Apr\u00e8s la fermeture de la phase liquide de l&rsquo;usine de Dudelange en 1984, les diff\u00e9rents services d&rsquo;entretien ont \u00e9t\u00e9 restructur\u00e9s. Ainsi, apr\u00e8s la fermeture de la majeure partie de l&rsquo;atelier central, des services d&rsquo;entretien \u00e9lectro-m\u00e9caniques de hauts-fourneaux et de l&rsquo;aci\u00e9rie, du laminoir \u00e0 chaud et du service des pont-roulants, une \u00e9quipe r\u00e9duite et polyvalente d&rsquo;artisans a \u00e9t\u00e9 cr\u00e9\u00e9e dans l&rsquo;anceinte de atelier des locomotives et du wagonnage. En 1994, ce service a \u00e9t\u00e9 int\u00e9gr\u00e9 dans l&rsquo;entretien du laminoir \u00e0 froid.<\/p>\n\n\n\n<p id=\"block-1b9c8b2f-e20a-4664-b492-6ff7e6936cf5\">Pendant la derni\u00e8re d\u00e9cennie, les b\u00e2timents de la partie nord de l&rsquo;usine (anciens ateliers, service des constructions, anciens bureaux de la fonderie, vestiaires \u00e9taient lou\u00e9s \u00e0 des entreprise artisanales et des sous-traitants du laminoir ainsi qu&rsquo;au Lyc\u00e9e Nic. Biever, jusqu&rsquo;\u00e0 la fermeture du site en 2006.<\/p>\n\n\n\n<p id=\"block-e3adc372-9914-45d6-a860-662500c24220\">Laiss\u00e9 \u00e0 l&rsquo;abandon d\u00e8s lors, l&rsquo;ensemble des b\u00e2timents a \u00e9t\u00e9 r\u00e9cemment class\u00e9 par le Service des Sites et Monuments Nationaux.<br><\/p>\n\n\n\n<figure class=\"wp-block-image size-large\" id=\"block-77d81fc0-b3e0-43ff-938b-37f999eb3742\"><img loading=\"lazy\" decoding=\"async\" width=\"1024\" height=\"684\" src=\"https:\/\/dkollektiv.org\/wp-content\/uploads\/2022\/01\/Sana-41-1024x684.jpg\" alt=\"\" class=\"wp-image-2124\" srcset=\"https:\/\/dkollektiv.org\/wp-content\/uploads\/2022\/01\/Sana-41-1024x684.jpg 1024w, https:\/\/dkollektiv.org\/wp-content\/uploads\/2022\/01\/Sana-41-300x200.jpg 300w, https:\/\/dkollektiv.org\/wp-content\/uploads\/2022\/01\/Sana-41-768x513.jpg 768w, https:\/\/dkollektiv.org\/wp-content\/uploads\/2022\/01\/Sana-41-1536x1026.jpg 1536w, https:\/\/dkollektiv.org\/wp-content\/uploads\/2022\/01\/Sana-41-2048x1368.jpg 2048w\" sizes=\"auto, (max-width: 1024px) 100vw, 1024px\" \/><figcaption>\u00a9 Sana Murad<\/figcaption><\/figure>\n\n\n\n<p id=\"block-7aadb433-bc6b-4523-a959-c3095d6458fe\"><strong>Les premiers travaux de nettoyage<\/strong> et de stabilisation ont \u00e9t\u00e9 r\u00e9alis\u00e9s en 2020 par la ville de Dudelange et le DKollektiv. Le processus \u00ab\u00a0Dkollage\u00a0\u00bb redonne ainsi peu \u00e0 peu vie \u00e0 ce complexe historique.<\/p>\n\n\n\n<p id=\"block-763e90e9-4149-4c1f-9241-1ea2569cb792\">Le vestiaire-wagonnage ouvrira ses portes aux activit\u00e9s et usages multiples lors de l&rsquo;ann\u00e9e culturelle Esch2022 pour devenir un tiers-lieu socioculturel d&rsquo;\u00e9change, d\u2019exp\u00e9rimentation et de cr\u00e9ation au sein du nouveau quartier \u00ab\u00a0Neischmelz\u00a0\u00bb.<\/p>\n\n\n\n<p id=\"block-93f94db7-ca59-4efa-a2e0-018bab6612da\">\ufeff<\/p>\n\n\n\n<p id=\"block-c07e9f6e-bd48-4e40-99ba-e99514ba52b8\">M.F., 2021<br>\ufeff<\/p>\n","protected":false},"excerpt":{"rendered":"<p>\ufeff Le hall du wagonnage&nbsp;a \u00e9t\u00e9 construit fin des ann\u00e9es 1930 en adjonction \u00e0 la sous-station des hauts-fourneaux (datant de 1928).&nbsp; Apr\u00e8s la mise en service des nouveaux laminoirs \u00e0 t\u00f4les au \u00ab\u00a0Greisendall\u00a0\u00bb (1926) ainsi que des 3 nouveaux hauts-fourneaux (1929-1931), le besoin accru en mat\u00e9riel roulant a rendu n\u00e9cessaire l&rsquo;am\u00e9nagement d&rsquo;un atelier s\u00e9par\u00e9 pour &#8230;<\/p>\n","protected":false},"author":9,"featured_media":0,"parent":0,"menu_order":0,"comment_status":"closed","ping_status":"closed","template":"templates\/fullwidth.php","meta":{"footnotes":""},"class_list":["post-2121","page","type-page","status-publish","hentry"],"_links":{"self":[{"href":"https:\/\/dkollektiv.org\/dkollage\/wp-json\/wp\/v2\/pages\/2121","targetHints":{"allow":["GET"]}}],"collection":[{"href":"https:\/\/dkollektiv.org\/dkollage\/wp-json\/wp\/v2\/pages"}],"about":[{"href":"https:\/\/dkollektiv.org\/dkollage\/wp-json\/wp\/v2\/types\/page"}],"author":[{"embeddable":true,"href":"https:\/\/dkollektiv.org\/dkollage\/wp-json\/wp\/v2\/users\/9"}],"replies":[{"embeddable":true,"href":"https:\/\/dkollektiv.org\/dkollage\/wp-json\/wp\/v2\/comments?post=2121"}],"version-history":[{"count":7,"href":"https:\/\/dkollektiv.org\/dkollage\/wp-json\/wp\/v2\/pages\/2121\/revisions"}],"predecessor-version":[{"id":2519,"href":"https:\/\/dkollektiv.org\/dkollage\/wp-json\/wp\/v2\/pages\/2121\/revisions\/2519"}],"wp:attachment":[{"href":"https:\/\/dkollektiv.org\/dkollage\/wp-json\/wp\/v2\/media?parent=2121"}],"curies":[{"name":"wp","href":"https:\/\/api.w.org\/{rel}","templated":true}]}}