{"id":2148,"date":"2022-01-11T16:14:17","date_gmt":"2022-01-11T15:14:17","guid":{"rendered":"https:\/\/dkollektiv.org\/?page_id=2148"},"modified":"2024-11-22T18:05:32","modified_gmt":"2024-11-22T17:05:32","slug":"ateliers-participatifs","status":"publish","type":"page","link":"https:\/\/dkollektiv.org\/dkollage\/ateliers-participatifs\/","title":{"rendered":"Ateliers participatifs"},"content":{"rendered":"\n<hr class=\"wp-block-separator has-text-color has-black-color has-css-opacity has-black-background-color has-background\"\/>\n\n\n\n<p>Diff\u00e9rents ateliers participatifs sont r\u00e9guli\u00e8rement propos\u00e9s pour faire vivre le b\u00e2timent \u00ab&nbsp;vestiaire- wagonnage&nbsp;\u00bb \u00e0 travers la convivialit\u00e9, le partage et la transmission de savoir-faire des participants.<\/p>\n\n\n\n<figure class=\"wp-block-image size-large\"><img loading=\"lazy\" decoding=\"async\" width=\"1024\" height=\"793\" src=\"https:\/\/dkollektiv.org\/wp-content\/uploads\/2024\/11\/g3-1024x793.jpg\" alt=\"\" class=\"wp-image-2630\" srcset=\"https:\/\/dkollektiv.org\/wp-content\/uploads\/2024\/11\/g3-1024x793.jpg 1024w, https:\/\/dkollektiv.org\/wp-content\/uploads\/2024\/11\/g3-300x232.jpg 300w, https:\/\/dkollektiv.org\/wp-content\/uploads\/2024\/11\/g3-768x594.jpg 768w, https:\/\/dkollektiv.org\/wp-content\/uploads\/2024\/11\/g3-1536x1189.jpg 1536w, https:\/\/dkollektiv.org\/wp-content\/uploads\/2024\/11\/g3.jpg 1920w\" sizes=\"auto, (max-width: 1024px) 100vw, 1024px\" \/><\/figure>\n\n\n\n<div class=\"wp-block-columns is-layout-flex wp-container-core-columns-is-layout-9d6595d7 wp-block-columns-is-layout-flex\">\n<div class=\"wp-block-column is-layout-flow wp-block-column-is-layout-flow\">\n<figure class=\"wp-block-image size-full\"><a href=\"https:\/\/dkollektiv.org\/metal\/\"><img loading=\"lazy\" decoding=\"async\" width=\"200\" height=\"200\" src=\"https:\/\/dkollektiv.org\/wp-content\/uploads\/2021\/10\/metal.png\" alt=\"\" class=\"wp-image-1874\" srcset=\"https:\/\/dkollektiv.org\/wp-content\/uploads\/2021\/10\/metal.png 200w, https:\/\/dkollektiv.org\/wp-content\/uploads\/2021\/10\/metal-150x150.png 150w\" sizes=\"auto, (max-width: 200px) 100vw, 200px\" \/><\/a><\/figure>\n\n\n\n<p class=\"has-text-align-center\"><strong><a href=\"https:\/\/dkollektiv.org\/metal\/\">Metal<\/a><\/strong><\/p>\n<\/div>\n\n\n\n<div class=\"wp-block-column is-layout-flow wp-block-column-is-layout-flow\">\n<figure class=\"wp-block-image size-full\"><a href=\"https:\/\/dkollektiv.org\/bois\/\"><img loading=\"lazy\" decoding=\"async\" width=\"200\" height=\"200\" src=\"https:\/\/dkollektiv.org\/wp-content\/uploads\/2021\/10\/bois.png\" alt=\"\" class=\"wp-image-1875\" srcset=\"https:\/\/dkollektiv.org\/wp-content\/uploads\/2021\/10\/bois.png 200w, https:\/\/dkollektiv.org\/wp-content\/uploads\/2021\/10\/bois-150x150.png 150w\" sizes=\"auto, (max-width: 200px) 100vw, 200px\" \/><\/a><\/figure>\n\n\n\n<p class=\"has-text-align-center\"><strong><a href=\"https:\/\/dkollektiv.org\/bois\/\">Bois<\/a><\/strong><\/p>\n<\/div>\n\n\n\n<div class=\"wp-block-column is-layout-flow wp-block-column-is-layout-flow\">\n<figure class=\"wp-block-image size-full\"><a href=\"https:\/\/dkollektiv.org\/carrelage\/\"><img loading=\"lazy\" decoding=\"async\" width=\"200\" height=\"200\" src=\"https:\/\/dkollektiv.org\/wp-content\/uploads\/2021\/10\/carrelage.png\" alt=\"\" class=\"wp-image-1876\" srcset=\"https:\/\/dkollektiv.org\/wp-content\/uploads\/2021\/10\/carrelage.png 200w, https:\/\/dkollektiv.org\/wp-content\/uploads\/2021\/10\/carrelage-150x150.png 150w\" sizes=\"auto, (max-width: 200px) 100vw, 200px\" \/><\/a><\/figure>\n\n\n\n<p class=\"has-text-align-center\"><strong><a href=\"https:\/\/dkollektiv.org\/carrelage\/\">Carrelage<\/a><\/strong><\/p>\n<\/div>\n\n\n\n<div class=\"wp-block-column is-layout-flow wp-block-column-is-layout-flow\">\n<figure class=\"wp-block-image size-full\"><a href=\"https:\/\/dkollektiv.org\/peinture\/\"><img loading=\"lazy\" decoding=\"async\" width=\"200\" height=\"200\" src=\"https:\/\/dkollektiv.org\/wp-content\/uploads\/2021\/10\/peinture-1.png\" alt=\"\" class=\"wp-image-1877\" srcset=\"https:\/\/dkollektiv.org\/wp-content\/uploads\/2021\/10\/peinture-1.png 200w, https:\/\/dkollektiv.org\/wp-content\/uploads\/2021\/10\/peinture-1-150x150.png 150w\" sizes=\"auto, (max-width: 200px) 100vw, 200px\" \/><\/a><\/figure>\n\n\n\n<p class=\"has-text-align-center\"><strong><a href=\"https:\/\/dkollektiv.org\/peinture\/\">Peinture<\/a><\/strong><\/p>\n<\/div>\n<\/div>\n\n\n\n<div class=\"wp-block-columns is-layout-flex wp-container-core-columns-is-layout-9d6595d7 wp-block-columns-is-layout-flex\">\n<div class=\"wp-block-column is-layout-flow wp-block-column-is-layout-flow\">\n<figure class=\"wp-block-image size-full\"><a href=\"https:\/\/dkollektiv.org\/serigraphie\/\"><img loading=\"lazy\" decoding=\"async\" width=\"200\" height=\"200\" src=\"https:\/\/dkollektiv.org\/wp-content\/uploads\/2021\/10\/serigraphie-1.png\" alt=\"\" class=\"wp-image-1873\" srcset=\"https:\/\/dkollektiv.org\/wp-content\/uploads\/2021\/10\/serigraphie-1.png 200w, https:\/\/dkollektiv.org\/wp-content\/uploads\/2021\/10\/serigraphie-1-150x150.png 150w\" sizes=\"auto, (max-width: 200px) 100vw, 200px\" \/><\/a><\/figure>\n\n\n\n<p class=\"has-text-align-center\"><strong><strong><a href=\"https:\/\/dkollektiv.org\/serigraphie\/\">S\u00e9rigraphie<\/a><\/strong><\/strong><\/p>\n<\/div>\n\n\n\n<div class=\"wp-block-column is-layout-flow wp-block-column-is-layout-flow\">\n<figure class=\"wp-block-image size-full\"><a href=\"https:\/\/dkollektiv.org\/couture\/\"><img loading=\"lazy\" decoding=\"async\" width=\"200\" height=\"200\" src=\"https:\/\/dkollektiv.org\/wp-content\/uploads\/2021\/10\/couture.png\" alt=\"\" class=\"wp-image-1878\" srcset=\"https:\/\/dkollektiv.org\/wp-content\/uploads\/2021\/10\/couture.png 200w, https:\/\/dkollektiv.org\/wp-content\/uploads\/2021\/10\/couture-150x150.png 150w\" sizes=\"auto, (max-width: 200px) 100vw, 200px\" \/><\/a><\/figure>\n\n\n\n<p class=\"has-text-align-center\"><strong><a href=\"https:\/\/dkollektiv.org\/couture\/\">Cout\u00fbre<\/a><\/strong><\/p>\n<\/div>\n\n\n\n<div class=\"wp-block-column is-layout-flow wp-block-column-is-layout-flow\">\n<figure class=\"wp-block-image size-full\"><a href=\"https:\/\/dkollektiv.org\/jardinage\/\"><img loading=\"lazy\" decoding=\"async\" width=\"200\" height=\"200\" src=\"https:\/\/dkollektiv.org\/wp-content\/uploads\/2021\/10\/jardin.png\" alt=\"\" class=\"wp-image-1872\" srcset=\"https:\/\/dkollektiv.org\/wp-content\/uploads\/2021\/10\/jardin.png 200w, https:\/\/dkollektiv.org\/wp-content\/uploads\/2021\/10\/jardin-150x150.png 150w\" sizes=\"auto, (max-width: 200px) 100vw, 200px\" \/><\/a><\/figure>\n\n\n\n<p class=\"has-text-align-center\"><strong><strong><a href=\"https:\/\/dkollektiv.org\/jardinage\/\">Jardinage<\/a><\/strong><\/strong><\/p>\n<\/div>\n\n\n\n<div class=\"wp-block-column is-layout-flow wp-block-column-is-layout-flow\">\n<figure class=\"wp-block-image size-full\"><a href=\"https:\/\/dkollektiv.org\/cuisine\"><img loading=\"lazy\" decoding=\"async\" width=\"200\" height=\"200\" src=\"https:\/\/dkollektiv.org\/wp-content\/uploads\/2021\/10\/Cuisine-1.png\" alt=\"\" class=\"wp-image-1879\" srcset=\"https:\/\/dkollektiv.org\/wp-content\/uploads\/2021\/10\/Cuisine-1.png 200w, https:\/\/dkollektiv.org\/wp-content\/uploads\/2021\/10\/Cuisine-1-150x150.png 150w\" sizes=\"auto, (max-width: 200px) 100vw, 200px\" \/><\/a><\/figure>\n\n\n\n<p class=\"has-text-align-center\"><strong><a href=\"https:\/\/dkollektiv.org\/cuisine\">Cuisine<\/a><\/strong><\/p>\n<\/div>\n<\/div>\n\n\n\n<div class=\"wp-block-group is-vertical is-layout-flex wp-container-core-group-is-layout-8cf370e7 wp-block-group-is-layout-flex\">\n<p><\/p>\n\n\n\n<p><p><strong>Comment participer ?<\/strong><\/p>Les ateliers participatifs sont l&rsquo;occasion id\u00e9ale pour venir d\u00e9couvrir le VEWA, pour apprendre \u00e0 conna\u00eetre les diff\u00e9rents projets et les membres du collectif. <\/p>\n\n\n\n<p><\/p>\n\n\n\n<p><\/p>\n\n\n\n<p>Mettez des habits de travail adapt\u00e9s et venez vous inspirer ! <\/p>\n\n\n\n<p><\/p>\n\n\n\n<p>Les samedis : <strong>9h30-17h30<\/strong> (mensuellement)<\/p>\n\n\n\n<p>Les mercredis : <strong>16h00-20h00<\/strong> (hebdomadaire)<\/p>\n<\/div>\n\n\n\n<p><\/p>\n","protected":false},"excerpt":{"rendered":"<p>Diff\u00e9rents ateliers participatifs sont r\u00e9guli\u00e8rement propos\u00e9s pour faire vivre le b\u00e2timent \u00ab&nbsp;vestiaire- wagonnage&nbsp;\u00bb \u00e0 travers la convivialit\u00e9, le partage et la transmission de savoir-faire des participants. Metal Bois Carrelage Peinture S\u00e9rigraphie Cout\u00fbre Jardinage Cuisine Comment participer ? Les ateliers participatifs sont l&rsquo;occasion id\u00e9ale pour venir d\u00e9couvrir le VEWA, pour apprendre \u00e0 conna\u00eetre les diff\u00e9rents projets &#8230;<\/p>\n","protected":false},"author":9,"featured_media":0,"parent":0,"menu_order":0,"comment_status":"closed","ping_status":"closed","template":"templates\/fullwidth.php","meta":{"footnotes":""},"class_list":["post-2148","page","type-page","status-publish","hentry"],"_links":{"self":[{"href":"https:\/\/dkollektiv.org\/dkollage\/wp-json\/wp\/v2\/pages\/2148","targetHints":{"allow":["GET"]}}],"collection":[{"href":"https:\/\/dkollektiv.org\/dkollage\/wp-json\/wp\/v2\/pages"}],"about":[{"href":"https:\/\/dkollektiv.org\/dkollage\/wp-json\/wp\/v2\/types\/page"}],"author":[{"embeddable":true,"href":"https:\/\/dkollektiv.org\/dkollage\/wp-json\/wp\/v2\/users\/9"}],"replies":[{"embeddable":true,"href":"https:\/\/dkollektiv.org\/dkollage\/wp-json\/wp\/v2\/comments?post=2148"}],"version-history":[{"count":13,"href":"https:\/\/dkollektiv.org\/dkollage\/wp-json\/wp\/v2\/pages\/2148\/revisions"}],"predecessor-version":[{"id":2631,"href":"https:\/\/dkollektiv.org\/dkollage\/wp-json\/wp\/v2\/pages\/2148\/revisions\/2631"}],"wp:attachment":[{"href":"https:\/\/dkollektiv.org\/dkollage\/wp-json\/wp\/v2\/media?parent=2148"}],"curies":[{"name":"wp","href":"https:\/\/api.w.org\/{rel}","templated":true}]}}