{"id":2260,"date":"2022-04-05T15:44:11","date_gmt":"2022-04-05T13:44:11","guid":{"rendered":"https:\/\/dkollektiv.org\/dkollage\/?page_id=2260"},"modified":"2022-04-05T15:59:41","modified_gmt":"2022-04-05T13:59:41","slug":"cargo-bike","status":"publish","type":"page","link":"https:\/\/dkollektiv.org\/dkollage\/cargo-bike\/","title":{"rendered":"cargo bike &#8211; UpCycle workshop"},"content":{"rendered":"\n<figure class=\"wp-block-image size-full\"><img loading=\"lazy\" decoding=\"async\" width=\"874\" height=\"328\" src=\"https:\/\/dkollektiv.org\/wp-content\/uploads\/2022\/04\/Visuel-Site-Cargobike-1.png\" alt=\"\" class=\"wp-image-2265\" srcset=\"https:\/\/dkollektiv.org\/wp-content\/uploads\/2022\/04\/Visuel-Site-Cargobike-1.png 874w, https:\/\/dkollektiv.org\/wp-content\/uploads\/2022\/04\/Visuel-Site-Cargobike-1-300x113.png 300w, https:\/\/dkollektiv.org\/wp-content\/uploads\/2022\/04\/Visuel-Site-Cargobike-1-768x288.png 768w\" sizes=\"auto, (max-width: 874px) 100vw, 874px\" \/><\/figure>\n\n\n\n<p><strong>25.  \u2013 29. 04.22 <\/strong><\/p>\n\n\n\n<p>t\u00e4glich von 17.00 \u2013 21:00<\/p>\n\n\n\n<p>Partizipativer Workshop bei dem unter der Anleitung von UpCycle aus Berlin ein Lastenrad aus recycelten Materialien entsteht.<\/p>\n\n\n\n<p>Der Konstruktionsprozess wird schrittweise \u00fcber die 5 Tage erfolgen. Ziel ist aus Einzelteilen, alten Fahrradteilen, und Recyclingmaterialien<br>ein funktionelles Rad zu bauen und dieses Wissen mit nach Hause zu nehmen.<br>Das Beispiel Lastenrad wird anschlie\u00dfend im VEWA espace de cr\u00e9ation (Vestiaire-Wagonnage) sein Zuhause finden und den Nutzern u.a. Foodsharing,DKollektiv, &#8230;) zur Verf\u00fcgung stehen.<\/p>\n\n\n\n<p><br>Aus organisatorischen Gr\u00fcnden Anmeldung nur f\u00fcr die 5 Tage am St\u00fcck m\u00f6glich.<\/p>\n\n\n\n<p><\/p>\n\n\n\n<p><strong>ANMELDUNG:<\/strong> <a href=\"mailto:inscriptions.cargobike@protonmail.com\">inscriptions.cargobike@protonmail.com<\/a><\/p>\n\n\n\n<p><strong><a href=\"https:\/\/dkollektiv.org\/wp-content\/uploads\/2022\/04\/277306479_376355674498542_7275695577681724745_n.jpg\">Flyer<\/a><\/strong><\/p>\n\n\n\n<p><strong><a href=\"https:\/\/www.facebook.com\/events\/514999093531818\/?ref=newsfeed\">Facebook<\/a><\/strong><\/p>\n\n\n\n<figure class=\"wp-block-image size-full\"><img loading=\"lazy\" decoding=\"async\" width=\"874\" height=\"174\" src=\"https:\/\/dkollektiv.org\/wp-content\/uploads\/2022\/04\/Visuel-Site-Cargobike_logoen.png\" alt=\"\" class=\"wp-image-2266\" srcset=\"https:\/\/dkollektiv.org\/wp-content\/uploads\/2022\/04\/Visuel-Site-Cargobike_logoen.png 874w, https:\/\/dkollektiv.org\/wp-content\/uploads\/2022\/04\/Visuel-Site-Cargobike_logoen-300x60.png 300w, https:\/\/dkollektiv.org\/wp-content\/uploads\/2022\/04\/Visuel-Site-Cargobike_logoen-768x153.png 768w\" sizes=\"auto, (max-width: 874px) 100vw, 874px\" \/><\/figure>\n","protected":false},"excerpt":{"rendered":"<p>25. \u2013 29. 04.22 t\u00e4glich von 17.00 \u2013 21:00 Partizipativer Workshop bei dem unter der Anleitung von UpCycle aus Berlin ein Lastenrad aus recycelten Materialien entsteht. Der Konstruktionsprozess wird schrittweise \u00fcber die 5 Tage erfolgen. Ziel ist aus Einzelteilen, alten Fahrradteilen, und Recyclingmaterialienein funktionelles Rad zu bauen und dieses Wissen mit nach Hause zu nehmen.Das &#8230;<\/p>\n","protected":false},"author":9,"featured_media":0,"parent":0,"menu_order":0,"comment_status":"closed","ping_status":"closed","template":"","meta":{"footnotes":""},"class_list":["post-2260","page","type-page","status-publish","hentry"],"_links":{"self":[{"href":"https:\/\/dkollektiv.org\/dkollage\/wp-json\/wp\/v2\/pages\/2260","targetHints":{"allow":["GET"]}}],"collection":[{"href":"https:\/\/dkollektiv.org\/dkollage\/wp-json\/wp\/v2\/pages"}],"about":[{"href":"https:\/\/dkollektiv.org\/dkollage\/wp-json\/wp\/v2\/types\/page"}],"author":[{"embeddable":true,"href":"https:\/\/dkollektiv.org\/dkollage\/wp-json\/wp\/v2\/users\/9"}],"replies":[{"embeddable":true,"href":"https:\/\/dkollektiv.org\/dkollage\/wp-json\/wp\/v2\/comments?post=2260"}],"version-history":[{"count":9,"href":"https:\/\/dkollektiv.org\/dkollage\/wp-json\/wp\/v2\/pages\/2260\/revisions"}],"predecessor-version":[{"id":2275,"href":"https:\/\/dkollektiv.org\/dkollage\/wp-json\/wp\/v2\/pages\/2260\/revisions\/2275"}],"wp:attachment":[{"href":"https:\/\/dkollektiv.org\/dkollage\/wp-json\/wp\/v2\/media?parent=2260"}],"curies":[{"name":"wp","href":"https:\/\/api.w.org\/{rel}","templated":true}]}}