{"id":2279,"date":"2022-04-22T22:36:19","date_gmt":"2022-04-22T20:36:19","guid":{"rendered":"https:\/\/dkollektiv.org\/dkollage\/?page_id=2279"},"modified":"2022-05-12T23:17:49","modified_gmt":"2022-05-12T21:17:49","slug":"inauguration-vewa","status":"publish","type":"page","link":"https:\/\/dkollektiv.org\/dkollage\/inauguration-vewa\/","title":{"rendered":"Inauguration VEWA"},"content":{"rendered":"\n<figure class=\"wp-block-image size-full is-resized\"><img loading=\"lazy\" decoding=\"async\" src=\"https:\/\/dkollektiv.org\/wp-content\/uploads\/2022\/04\/VEWA-inauguration_dkollektiv.org_-1.png\" alt=\"\" class=\"wp-image-2283\" width=\"629\" height=\"443\" srcset=\"https:\/\/dkollektiv.org\/wp-content\/uploads\/2022\/04\/VEWA-inauguration_dkollektiv.org_-1.png 794w, https:\/\/dkollektiv.org\/wp-content\/uploads\/2022\/04\/VEWA-inauguration_dkollektiv.org_-1-300x211.png 300w, https:\/\/dkollektiv.org\/wp-content\/uploads\/2022\/04\/VEWA-inauguration_dkollektiv.org_-1-768x541.png 768w\" sizes=\"auto, (max-width: 629px) 100vw, 629px\" \/><\/figure>\n\n\n\n<p>Dans le cadre de l\u2019inauguration du b\u00e2timent Vestiaires &amp; Wagonnage d\u00e9sormais appel\u00e9 VEWA, <br>le coll\u00e8ge des bourgmestre et \u00e9chevins et le DKollektiv vous invite \u00e0 d\u00e9couvrir <br>ce nouvel espace de cr\u00e9ation<\/p>\n\n\n\n<p>le <strong>samedi 14.05.2022<\/strong> \u00e0 partir de 09h30 sur le site NeiSchmelz \u00e0 Dudelange.<\/p>\n\n\n\n<p>Dans le cadre de la capitale europ\u00e9enne de la culture Esch2022.<\/p>\n\n\n\n<p><\/p>\n\n\n\n<h2 class=\"wp-block-heading\"><strong>Programme<\/strong><\/h2>\n\n\n\n<p>9h30 &#8211; 12h<\/p>\n\n\n\n<p><strong>Chantier participatif<\/strong><br><em>DKollektiv &amp; autres associations locales<\/em><\/p>\n\n\n\n<p>10h &#8211; 14h<\/p>\n\n\n\n<p><strong>Bourse aux plantes<\/strong><br>@Urban Garden NeiSchmelz<\/p>\n\n\n\n<p>10h &#8211; 18h<\/p>\n\n\n\n<p><strong>Bike &amp; Ride<\/strong><br><em>March\u00e9 de v\u00e9los d&rsquo;occasions<\/em><br><a href=\"http:\/\/bikeandride.lu\/dudelange-event\/\">Inscription et conditions<\/a><\/p>\n\n\n\n<p>10h30 &#8211; 13h30<\/p>\n\n\n\n<p><strong>Cuisiner ensemble<\/strong><br><em>Croix Rouge, Foodsharing &amp; Cell<\/em><\/p>\n\n\n\n<p>14h &#8211; 18h<\/p>\n\n\n\n<p><strong>Actions, pr\u00e9sentations &amp; workshops<\/strong><br><em>Associations locales et nationales<\/em><\/p>\n\n\n\n<p>14h \u2013 19h<\/p>\n\n\n\n<p><strong>Exposition MinettREMIX<br><\/strong><em>@<\/em><em>Hall Fondouq et Aci\u00e9rie<\/em><\/p>\n\n\n\n<p>16h<\/p>\n\n\n\n<p><strong>Ouverture officielle<\/strong><br><em>Allocution de Dan Biancalana,D\u00e9put\u00e9-Maire de la Ville de Dudelange<\/em><br><em>Allocution Dani\u00e8le Wagener, Pr\u00e9sidente de l&rsquo;Oeuvre Grande-Duchesse Charlotte<br>Allocution du repr\u00e9sentant de l\u2019association DKollektiv<br>Action d\u2019inauguration avec les communes partenaires d\u2019Esch2022 et nos invit\u00e9s honoraires<\/em><\/p>\n\n\n\n<p>17h<\/p>\n\n\n\n<p><strong>Greg Lamy feat. Flavio Boltro<br><\/strong>like a jazz machine @VEWA<\/p>\n\n\n\n<p>18h<\/p>\n\n\n\n<p><strong>Luciano Pagliarini\u2019s Iron&amp;Steel Band<\/strong><\/p>\n\n\n\n<p>19h<\/p>\n\n\n\n<p><strong>Tom\u00e1s Tello<\/strong><\/p>\n\n\n\n<p>20h<\/p>\n\n\n\n<p><strong>Experimental Jamsession<\/strong><\/p>\n\n\n\n<hr class=\"wp-block-separator\"\/>\n\n\n\n<p>18h30 \u2013 24h<\/p>\n\n\n\n<p><strong>Festival LIKE A JAZZ MACHINE<br><\/strong>@opderschmelz<br><em>Concert jazz<\/em><\/p>\n\n\n\n<figure class=\"wp-block-image size-full\"><img loading=\"lazy\" decoding=\"async\" width=\"794\" height=\"559\" src=\"https:\/\/dkollektiv.org\/wp-content\/uploads\/2022\/04\/VEWA-inauguration_carte_dkollektiv.org_-1.png\" alt=\"\" class=\"wp-image-2287\" srcset=\"https:\/\/dkollektiv.org\/wp-content\/uploads\/2022\/04\/VEWA-inauguration_carte_dkollektiv.org_-1.png 794w, https:\/\/dkollektiv.org\/wp-content\/uploads\/2022\/04\/VEWA-inauguration_carte_dkollektiv.org_-1-300x211.png 300w, https:\/\/dkollektiv.org\/wp-content\/uploads\/2022\/04\/VEWA-inauguration_carte_dkollektiv.org_-1-768x541.png 768w\" sizes=\"auto, (max-width: 794px) 100vw, 794px\" \/><\/figure>\n\n\n\n<p>Il \u00e9tait une fois une friche industrielle, le b\u00e2timent \u00ab Vestiaires &amp; Wagonnage \u00bb, d\u00e9sormais appel\u00e9 VEWA, qui d\u00e9signe un lieu incubateur de cr\u00e9ativit\u00e9 in\u00e9dit, durablement int\u00e9gr\u00e9 au futur quartier NeiSchmelz \u00e0 Dudelange.<br>N\u00e9 d\u2019une d\u00e9marche participative citoyenne mise en \u0153uvre par le DKollektiv, le VEWA, b\u00e2timent r\u00e9nov\u00e9 dans le respect du patrimoine, est tout autre chose qu\u2019une coquille \u00e0 remplir ou consommer. En r\u00e9ponse \u00e0 des besoins sp\u00e9cifiques et flexibles de partenaires (associations locales et autres cr\u00e9ateurs), ce qui y pr\u00e9vaut, c\u2019est l\u2019exp\u00e9rimentation et la recherche, c\u2019est l\u2019\u00e9change de savoir-faire et la valorisation des ressources ou leur utilisation consciente, et c\u2019est aussi un ma\u00eetre-mot : la convivialit\u00e9.<br>(Texte: Marie-Anne Lorg\u00e9)<\/p>\n\n\n\n<p><br><strong>Avec le support de : <\/strong><br>B\u00ebschkollektiv, bike and ride (Velooccasiounsmoart&amp;repair), CDMH,<br>CELL, CEPA, Croix-Rouge, FerroForum, IK-CNCI, Inter-Actions, LUCA, Foodsharing Dudelange, FotoClub Diddeleng, Transition Dudelange, Upcycle, Urban Garden Neischmelz, VeloDiddeleng, Bei den Ieselen, Cantine Syrienne.<\/p>\n","protected":false},"excerpt":{"rendered":"<p>Dans le cadre de l\u2019inauguration du b\u00e2timent Vestiaires &amp; Wagonnage d\u00e9sormais appel\u00e9 VEWA, le coll\u00e8ge des bourgmestre et \u00e9chevins et le DKollektiv vous invite \u00e0 d\u00e9couvrir ce nouvel espace de cr\u00e9ation le samedi 14.05.2022 \u00e0 partir de 09h30 sur le site NeiSchmelz \u00e0 Dudelange. Dans le cadre de la capitale europ\u00e9enne de la culture Esch2022. &#8230;<\/p>\n","protected":false},"author":9,"featured_media":0,"parent":0,"menu_order":0,"comment_status":"closed","ping_status":"closed","template":"templates\/fullwidth.php","meta":{"footnotes":""},"class_list":["post-2279","page","type-page","status-publish","hentry"],"_links":{"self":[{"href":"https:\/\/dkollektiv.org\/dkollage\/wp-json\/wp\/v2\/pages\/2279","targetHints":{"allow":["GET"]}}],"collection":[{"href":"https:\/\/dkollektiv.org\/dkollage\/wp-json\/wp\/v2\/pages"}],"about":[{"href":"https:\/\/dkollektiv.org\/dkollage\/wp-json\/wp\/v2\/types\/page"}],"author":[{"embeddable":true,"href":"https:\/\/dkollektiv.org\/dkollage\/wp-json\/wp\/v2\/users\/9"}],"replies":[{"embeddable":true,"href":"https:\/\/dkollektiv.org\/dkollage\/wp-json\/wp\/v2\/comments?post=2279"}],"version-history":[{"count":9,"href":"https:\/\/dkollektiv.org\/dkollage\/wp-json\/wp\/v2\/pages\/2279\/revisions"}],"predecessor-version":[{"id":2306,"href":"https:\/\/dkollektiv.org\/dkollage\/wp-json\/wp\/v2\/pages\/2279\/revisions\/2306"}],"wp:attachment":[{"href":"https:\/\/dkollektiv.org\/dkollage\/wp-json\/wp\/v2\/media?parent=2279"}],"curies":[{"name":"wp","href":"https:\/\/api.w.org\/{rel}","templated":true}]}}