{"id":2439,"date":"2023-11-21T11:43:17","date_gmt":"2023-11-21T10:43:17","guid":{"rendered":"https:\/\/dkollektiv.org\/dkollage\/?page_id=2439"},"modified":"2023-12-08T14:54:26","modified_gmt":"2023-12-08T13:54:26","slug":"op-e-patt","status":"publish","type":"page","link":"https:\/\/dkollektiv.org\/dkollage\/actions\/op-e-patt\/","title":{"rendered":"Op e Patt"},"content":{"rendered":"\n<hr class=\"wp-block-separator has-text-color has-black-color has-css-opacity has-black-background-color has-background\"\/>\n\n\n\n<p>Des tables rondes sont organis\u00e9es avec des experts, des artistes et des personnes engag\u00e9es, sur diff\u00e9rents sujets en lien avec le patrimoine industriel, l\u2019art, l\u2019environnement, mais aussi sur des questions sociales et tout th\u00e8me qui suscite une culture du dialogue au sein de la soci\u00e9t\u00e9.<\/p>\n","protected":false},"excerpt":{"rendered":"<p>Des tables rondes sont organis\u00e9es avec des experts, des artistes et des personnes engag\u00e9es, sur diff\u00e9rents sujets en lien avec le patrimoine industriel, l\u2019art, l\u2019environnement, mais aussi sur des questions sociales et tout th\u00e8me qui suscite une culture du dialogue au sein de la soci\u00e9t\u00e9.<\/p>\n","protected":false},"author":2,"featured_media":0,"parent":2146,"menu_order":0,"comment_status":"closed","ping_status":"closed","template":"","meta":{"footnotes":""},"class_list":["post-2439","page","type-page","status-publish","hentry"],"_links":{"self":[{"href":"https:\/\/dkollektiv.org\/dkollage\/wp-json\/wp\/v2\/pages\/2439","targetHints":{"allow":["GET"]}}],"collection":[{"href":"https:\/\/dkollektiv.org\/dkollage\/wp-json\/wp\/v2\/pages"}],"about":[{"href":"https:\/\/dkollektiv.org\/dkollage\/wp-json\/wp\/v2\/types\/page"}],"author":[{"embeddable":true,"href":"https:\/\/dkollektiv.org\/dkollage\/wp-json\/wp\/v2\/users\/2"}],"replies":[{"embeddable":true,"href":"https:\/\/dkollektiv.org\/dkollage\/wp-json\/wp\/v2\/comments?post=2439"}],"version-history":[{"count":3,"href":"https:\/\/dkollektiv.org\/dkollage\/wp-json\/wp\/v2\/pages\/2439\/revisions"}],"predecessor-version":[{"id":2556,"href":"https:\/\/dkollektiv.org\/dkollage\/wp-json\/wp\/v2\/pages\/2439\/revisions\/2556"}],"up":[{"embeddable":true,"href":"https:\/\/dkollektiv.org\/dkollage\/wp-json\/wp\/v2\/pages\/2146"}],"wp:attachment":[{"href":"https:\/\/dkollektiv.org\/dkollage\/wp-json\/wp\/v2\/media?parent=2439"}],"curies":[{"name":"wp","href":"https:\/\/api.w.org\/{rel}","templated":true}]}}