{"id":2450,"date":"2023-11-21T11:54:14","date_gmt":"2023-11-21T10:54:14","guid":{"rendered":"https:\/\/dkollektiv.org\/dkollage\/?page_id=2450"},"modified":"2024-11-22T17:58:46","modified_gmt":"2024-11-22T16:58:46","slug":"ateliers-workshops","status":"publish","type":"page","link":"https:\/\/dkollektiv.org\/dkollage\/ateliers-workshops\/","title":{"rendered":"Ateliers (workshops)"},"content":{"rendered":"\n<hr class=\"wp-block-separator has-text-color has-black-color has-css-opacity has-black-background-color has-background\"\/>\n\n\n\n<p>Apprendre le maniement d\u2019outils dans des ateliers sp\u00e9cialis\u00e9s\u00a0: s\u2019initier \u00e0 la s\u00e9rigraphie, d\u00e9velopper des photos dans un laboratoire, d\u00e9couvrir le travail du bois \u2026 sont des exemples de workshops propos\u00e9s au grand public dans les locaux du DKollektiv et autour du site industriel de Dudelange.<\/p>\n\n\n","protected":false},"excerpt":{"rendered":"<p>Apprendre le maniement d\u2019outils dans des ateliers sp\u00e9cialis\u00e9s\u00a0: s\u2019initier \u00e0 la s\u00e9rigraphie, d\u00e9velopper des photos dans un laboratoire, d\u00e9couvrir le travail du bois \u2026 sont des exemples de workshops propos\u00e9s au grand public dans les locaux du DKollektiv et autour du site industriel de Dudelange.<\/p>\n","protected":false},"author":2,"featured_media":0,"parent":0,"menu_order":0,"comment_status":"closed","ping_status":"closed","template":"","meta":{"footnotes":""},"class_list":["post-2450","page","type-page","status-publish","hentry"],"_links":{"self":[{"href":"https:\/\/dkollektiv.org\/dkollage\/wp-json\/wp\/v2\/pages\/2450","targetHints":{"allow":["GET"]}}],"collection":[{"href":"https:\/\/dkollektiv.org\/dkollage\/wp-json\/wp\/v2\/pages"}],"about":[{"href":"https:\/\/dkollektiv.org\/dkollage\/wp-json\/wp\/v2\/types\/page"}],"author":[{"embeddable":true,"href":"https:\/\/dkollektiv.org\/dkollage\/wp-json\/wp\/v2\/users\/2"}],"replies":[{"embeddable":true,"href":"https:\/\/dkollektiv.org\/dkollage\/wp-json\/wp\/v2\/comments?post=2450"}],"version-history":[{"count":9,"href":"https:\/\/dkollektiv.org\/dkollage\/wp-json\/wp\/v2\/pages\/2450\/revisions"}],"predecessor-version":[{"id":2628,"href":"https:\/\/dkollektiv.org\/dkollage\/wp-json\/wp\/v2\/pages\/2450\/revisions\/2628"}],"wp:attachment":[{"href":"https:\/\/dkollektiv.org\/dkollage\/wp-json\/wp\/v2\/media?parent=2450"}],"curies":[{"name":"wp","href":"https:\/\/api.w.org\/{rel}","templated":true}]}}