{"id":2457,"date":"2023-11-21T12:23:58","date_gmt":"2023-11-21T11:23:58","guid":{"rendered":"https:\/\/dkollektiv.org\/dkollage\/?page_id=2457"},"modified":"2023-11-21T12:23:59","modified_gmt":"2023-11-21T11:23:59","slug":"jam-sessions-experimentales","status":"publish","type":"page","link":"https:\/\/dkollektiv.org\/dkollage\/jam-sessions-experimentales\/","title":{"rendered":"Jam-sessions exp\u00e9rimentales"},"content":{"rendered":"\n<hr class=\"wp-block-separator has-text-color has-black-color has-css-opacity has-black-background-color has-background\"\/>\n\n\n\n<p>Musiciens amateurs, professionnels et exp\u00e9rimentateurs se rejoignent sur sc\u00e8ne aux \u00e9v\u00e8nements d\u2019improvisation musicale organis\u00e9s r\u00e9guli\u00e8rement durant les mois d\u2019\u00e9t\u00e9.<\/p>\n\n\n\n<p>Amenez votre instrument et laissez-vous inspirer par l&rsquo;ambiance du lieu !<\/p>\n\n\n\n<p><\/p>\n","protected":false},"excerpt":{"rendered":"<p>Musiciens amateurs, professionnels et exp\u00e9rimentateurs se rejoignent sur sc\u00e8ne aux \u00e9v\u00e8nements d\u2019improvisation musicale organis\u00e9s r\u00e9guli\u00e8rement durant les mois d\u2019\u00e9t\u00e9. Amenez votre instrument et laissez-vous inspirer par l&rsquo;ambiance du lieu !<\/p>\n","protected":false},"author":2,"featured_media":0,"parent":0,"menu_order":0,"comment_status":"closed","ping_status":"closed","template":"","meta":{"footnotes":""},"class_list":["post-2457","page","type-page","status-publish","hentry"],"_links":{"self":[{"href":"https:\/\/dkollektiv.org\/dkollage\/wp-json\/wp\/v2\/pages\/2457","targetHints":{"allow":["GET"]}}],"collection":[{"href":"https:\/\/dkollektiv.org\/dkollage\/wp-json\/wp\/v2\/pages"}],"about":[{"href":"https:\/\/dkollektiv.org\/dkollage\/wp-json\/wp\/v2\/types\/page"}],"author":[{"embeddable":true,"href":"https:\/\/dkollektiv.org\/dkollage\/wp-json\/wp\/v2\/users\/2"}],"replies":[{"embeddable":true,"href":"https:\/\/dkollektiv.org\/dkollage\/wp-json\/wp\/v2\/comments?post=2457"}],"version-history":[{"count":1,"href":"https:\/\/dkollektiv.org\/dkollage\/wp-json\/wp\/v2\/pages\/2457\/revisions"}],"predecessor-version":[{"id":2458,"href":"https:\/\/dkollektiv.org\/dkollage\/wp-json\/wp\/v2\/pages\/2457\/revisions\/2458"}],"wp:attachment":[{"href":"https:\/\/dkollektiv.org\/dkollage\/wp-json\/wp\/v2\/media?parent=2457"}],"curies":[{"name":"wp","href":"https:\/\/api.w.org\/{rel}","templated":true}]}}