{"id":320,"date":"2017-05-19T16:28:07","date_gmt":"2017-05-19T15:28:07","guid":{"rendered":"http:\/\/dkollektiv.organicdesignlabs.comanicdesignlabs.com\/?page_id=320"},"modified":"2026-01-21T18:43:53","modified_gmt":"2026-01-21T17:43:53","slug":"atelier-d-le-lieu","status":"publish","type":"page","link":"https:\/\/dkollektiv.org\/dkollage\/atelier-d-le-lieu\/","title":{"rendered":"atelier D &#8211; le lieu"},"content":{"rendered":"<div class=\"one_half\">\n<figure id=\"attachment_305\" aria-describedby=\"caption-attachment-305\" style=\"width: 2500px\" class=\"wp-caption alignnone\"><img loading=\"lazy\" decoding=\"async\" class=\"wp-image-305 size-full\" src=\"http:\/\/dkollektiv.organicdesignlabs.com\/wp-content\/uploads\/2017\/05\/D2.jpg\" alt=\"D2\" width=\"2500\" height=\"1401\" srcset=\"https:\/\/dkollektiv.org\/wp-content\/uploads\/2017\/05\/D2.jpg 2500w, https:\/\/dkollektiv.org\/wp-content\/uploads\/2017\/05\/D2-300x168.jpg 300w, https:\/\/dkollektiv.org\/wp-content\/uploads\/2017\/05\/D2-768x430.jpg 768w, https:\/\/dkollektiv.org\/wp-content\/uploads\/2017\/05\/D2-1024x574.jpg 1024w\" sizes=\"auto, (max-width: 2500px) 100vw, 2500px\" \/><figcaption id=\"caption-attachment-305\" class=\"wp-caption-text\">Le Hall Fondouq (Photo: Misch Feinen)<\/figcaption><\/figure>\n<p><\/p><\/div>\n<div class=\"one_half_last_clear\">\n<p>Depuis 2017, l&rsquo;atelier D est install\u00e9 au Hall Fondouq \u00e0 Dudelange. <span lang=\"DE\">Situ<\/span>\u00e9e dans le <span lang=\"EN-US\">bassin m<\/span>inier luxembourgeois, <span lang=\"EN-US\">Dudelange a <\/span>\u00e9<span lang=\"EN-US\">t<\/span>\u00e9<span lang=\"EN-US\"> un p\u00f4le <\/span>important <span lang=\"EN-US\">de l&rsquo;industrie sid<\/span>\u00e9rurgique du pays<span lang=\"EN-US\"> et le site industriel se trouve d<\/span>\u00e9<span lang=\"EN-US\">sormais en phase de transition.<\/span><\/p>\n<p>L&rsquo;Atelier D dispose de diff\u00e9rents ateliers de production\u00a0: m\u00e9tal, bois, s\u00e9rigraphie, photographie, ainsi qu&rsquo;une petite caf\u00e9t\u00e9ria informelle.<\/p>\n<div class=\"\" data-block=\"true\" data-editor=\"5mm7e\" data-offset-key=\"44vc7-0-0\">\n<div class=\"_1mf _1mj\" data-offset-key=\"44vc7-0-0\"><span data-offset-key=\"44vc7-0-0\">Informations acc\u00e8s:<\/span><\/div>\n<\/div>\n<div class=\"\" data-block=\"true\" data-editor=\"5mm7e\" data-offset-key=\"e563l-0-0\">\n<div class=\"_1mf _1mj\" data-offset-key=\"e563l-0-0\"><span data-offset-key=\"e563l-0-0\">* Par la route: Prendre \u00e0 Dudelange la route pour Volmerange (route de Thionville), prendre \u00e0 gauche derri\u00e8re le Skate-Park, ensuite suivre les signes pour le Hall Fondouq.<\/span><\/div>\n<\/div>\n<div class=\"\" data-block=\"true\" data-editor=\"5mm7e\" data-offset-key=\"utcc-0-0\">\n<div class=\"_1mf _1mj\" data-offset-key=\"utcc-0-0\"><span data-offset-key=\"utcc-0-0\">\u00a0<\/span><\/div>\n<\/div>\n<div class=\"\" data-block=\"true\" data-editor=\"5mm7e\" data-offset-key=\"5sih4-0-0\">\n<div class=\"_1mf _1mj\" data-offset-key=\"5sih4-0-0\"><span data-offset-key=\"5sih4-0-0\">* En Train: Arr\u00eat Dudelange-Usines. (Planification d&rsquo;itin\u00e9raire : www.mobilite.lu) Traverser le pont pour voitures qui surmonte les voies, ensuite suivre les signes pour le Hall Fondouq.<\/span><\/div>\n<\/div>\n<p><\/p><\/div>\n<div class=\"clear\">\n<p><\/p><\/div>\n<p><strong>Acc\u00e8s<\/strong><\/p>\n<p>\u00a0<\/p>\n\n\n<iframe src=\"https:\/\/www.google.com\/maps\/embed?pb=!1m18!1m12!1m3!1d165319.55889554834!2d5.7577165281249725!3d49.65207384053958!2m3!1f0!2f0!3f0!3m2!1i1024!2i768!4f13.1!3m3!1m2!1s0x479536dd5f366a9f%3A0x7c244f0d431ffdff!2sAtelier%20D%20(Hall%20Fondouq)!5e0!3m2!1sen!2sfr!4v1769017199257!5m2!1sen!2sfr\" width=\"100%\" height=\"450\" style=\"border:0;\" allowfullscreen=\"\" loading=\"lazy\" referrerpolicy=\"no-referrer-when-downgrade\"><\/iframe>\n\n\n\n<p><\/p>\n","protected":false},"excerpt":{"rendered":"<p>Acc\u00e8s \u00a0<\/p>\n","protected":false},"author":4,"featured_media":0,"parent":0,"menu_order":0,"comment_status":"closed","ping_status":"closed","template":"templates\/fullwidth.php","meta":{"footnotes":""},"class_list":["post-320","page","type-page","status-publish","hentry"],"_links":{"self":[{"href":"https:\/\/dkollektiv.org\/dkollage\/wp-json\/wp\/v2\/pages\/320","targetHints":{"allow":["GET"]}}],"collection":[{"href":"https:\/\/dkollektiv.org\/dkollage\/wp-json\/wp\/v2\/pages"}],"about":[{"href":"https:\/\/dkollektiv.org\/dkollage\/wp-json\/wp\/v2\/types\/page"}],"author":[{"embeddable":true,"href":"https:\/\/dkollektiv.org\/dkollage\/wp-json\/wp\/v2\/users\/4"}],"replies":[{"embeddable":true,"href":"https:\/\/dkollektiv.org\/dkollage\/wp-json\/wp\/v2\/comments?post=320"}],"version-history":[{"count":18,"href":"https:\/\/dkollektiv.org\/dkollage\/wp-json\/wp\/v2\/pages\/320\/revisions"}],"predecessor-version":[{"id":2683,"href":"https:\/\/dkollektiv.org\/dkollage\/wp-json\/wp\/v2\/pages\/320\/revisions\/2683"}],"wp:attachment":[{"href":"https:\/\/dkollektiv.org\/dkollage\/wp-json\/wp\/v2\/media?parent=320"}],"curies":[{"name":"wp","href":"https:\/\/api.w.org\/{rel}","templated":true}]}}