{"id":48,"date":"2016-04-23T11:23:00","date_gmt":"2016-04-23T10:23:00","guid":{"rendered":"http:\/\/dkollektiv.organicdesignlabs.comanicdesignlabs.com\/?page_id=48"},"modified":"2024-09-09T19:53:13","modified_gmt":"2024-09-09T17:53:13","slug":"informations-pratiques","status":"publish","type":"page","link":"https:\/\/dkollektiv.org\/dkollage\/informations-pratiques\/","title":{"rendered":"Informations Pratiques"},"content":{"rendered":"\n<figure class=\"wp-block-image size-large\"><img loading=\"lazy\" decoding=\"async\" width=\"1024\" height=\"655\" src=\"https:\/\/dkollektiv.org\/wp-content\/uploads\/2024\/09\/plan-dacces-DK-1024x655.jpg\" alt=\"\" class=\"wp-image-2611\" srcset=\"https:\/\/dkollektiv.org\/wp-content\/uploads\/2024\/09\/plan-dacces-DK-1024x655.jpg 1024w, https:\/\/dkollektiv.org\/wp-content\/uploads\/2024\/09\/plan-dacces-DK-300x192.jpg 300w, https:\/\/dkollektiv.org\/wp-content\/uploads\/2024\/09\/plan-dacces-DK-768x491.jpg 768w, https:\/\/dkollektiv.org\/wp-content\/uploads\/2024\/09\/plan-dacces-DK.jpg 1400w\" sizes=\"auto, (max-width: 1024px) 100vw, 1024px\" \/><\/figure>\n\n\n\n<div class=\"wp-block-columns has-2-columns is-layout-flex wp-container-core-columns-is-layout-9d6595d7 wp-block-columns-is-layout-flex\">\n<div class=\"wp-block-column is-layout-flow wp-block-column-is-layout-flow\">\n<p>Venant de Dudelange, prenez la route de Thionville puis tournez \u00e0 gauche sur la rue Reiteschkopp, tournez ensuite \u00e0 droite et suivre les panneaux VEWA. <\/p>\n<\/div>\n\n\n\n<div class=\"wp-block-column is-layout-flow wp-block-column-is-layout-flow\">\n<p><a href=\"https:\/\/goo.gl\/maps\/5WUoG7EPiz1pNtpu8\"><strong>Voir plan d&rsquo;acc\u00e8s sur Google Maps<\/strong><\/a><\/p>\n<\/div>\n<\/div>\n\n\n\n<div style=\"height:20px\" aria-hidden=\"true\" class=\"wp-block-spacer\"><\/div>\n\n\n\n<div class=\"wp-block-columns has-2-columns is-layout-flex wp-container-core-columns-is-layout-9d6595d7 wp-block-columns-is-layout-flex\">\n<div class=\"wp-block-column is-layout-flow wp-block-column-is-layout-flow\">\n<p><strong>VEWA<\/strong><\/p>\n\n\n\n<p>Site de l&rsquo;ancien laminoir \/ Neischmelz&nbsp;<br>4, place Thierry Van Werveke&nbsp;<br>L-3475 DUDELANGE<\/p>\n\n\n\n<p><strong>Email:<\/strong><\/p>\n\n\n\n<p><strong>info@dkollektiv.org<\/strong><\/p>\n\n\n\n<p><\/p>\n\n\n\n<h2 class=\"wp-block-heading\"><\/h2>\n<\/div>\n\n\n\n<div class=\"wp-block-column is-layout-flow wp-block-column-is-layout-flow\">\n<p><strong>Adresse officielle ASBL<\/strong><\/p>\n\n\n\n<p>DKollektiv asbl<br>22, Haaptstrooss<br>L-6665 Herborn<\/p>\n\n\n\n<p><strong><a href=\"https:\/\/www.facebook.com\/Dkollektivatelier\/\">Facebook<\/a><\/strong> <\/p>\n\n\n\n<p><a href=\"https:\/\/www.instagram.com\/dkollektiv\/\" target=\"_blank\" rel=\"noreferrer noopener\"><strong>Instagram<\/strong><\/a><\/p>\n\n\n\n<p><\/p>\n<\/div>\n<\/div>\n\n\n\n<div style=\"height:20px\" aria-hidden=\"true\" class=\"wp-block-spacer\"><\/div>\n\n\n\n<p><\/p>\n","protected":false},"excerpt":{"rendered":"<p>Venant de Dudelange, prenez la route de Thionville puis tournez \u00e0 gauche sur la rue Reiteschkopp, tournez ensuite \u00e0 droite et suivre les panneaux VEWA. Voir plan d&rsquo;acc\u00e8s sur Google Maps VEWA Site de l&rsquo;ancien laminoir \/ Neischmelz&nbsp;4, place Thierry Van Werveke&nbsp;L-3475 DUDELANGE Email: info@dkollektiv.org Adresse officielle ASBL DKollektiv asbl22, HaaptstroossL-6665 Herborn Facebook Instagram<\/p>\n","protected":false},"author":2,"featured_media":0,"parent":0,"menu_order":0,"comment_status":"closed","ping_status":"closed","template":"templates\/fullwidth.php","meta":{"footnotes":""},"class_list":["post-48","page","type-page","status-publish","hentry"],"_links":{"self":[{"href":"https:\/\/dkollektiv.org\/dkollage\/wp-json\/wp\/v2\/pages\/48","targetHints":{"allow":["GET"]}}],"collection":[{"href":"https:\/\/dkollektiv.org\/dkollage\/wp-json\/wp\/v2\/pages"}],"about":[{"href":"https:\/\/dkollektiv.org\/dkollage\/wp-json\/wp\/v2\/types\/page"}],"author":[{"embeddable":true,"href":"https:\/\/dkollektiv.org\/dkollage\/wp-json\/wp\/v2\/users\/2"}],"replies":[{"embeddable":true,"href":"https:\/\/dkollektiv.org\/dkollage\/wp-json\/wp\/v2\/comments?post=48"}],"version-history":[{"count":50,"href":"https:\/\/dkollektiv.org\/dkollage\/wp-json\/wp\/v2\/pages\/48\/revisions"}],"predecessor-version":[{"id":2612,"href":"https:\/\/dkollektiv.org\/dkollage\/wp-json\/wp\/v2\/pages\/48\/revisions\/2612"}],"wp:attachment":[{"href":"https:\/\/dkollektiv.org\/dkollage\/wp-json\/wp\/v2\/media?parent=48"}],"curies":[{"name":"wp","href":"https:\/\/api.w.org\/{rel}","templated":true}]}}