{"id":6,"date":"2016-04-20T17:19:13","date_gmt":"2016-04-20T16:19:13","guid":{"rendered":"http:\/\/dkollektiv.organicdesignlabs.comanicdesignlabs.com\/?page_id=6"},"modified":"2017-05-18T12:00:31","modified_gmt":"2017-05-18T11:00:31","slug":"page-dacceuil","status":"publish","type":"page","link":"https:\/\/dkollektiv.org\/dkollage\/page-dacceuil\/","title":{"rendered":"Le projet 2016"},"content":{"rendered":"<div class=\"one_half\">\n<h2>[Atelier des<br \/>\nlocomotives]<\/h2>\n<p><img loading=\"lazy\" decoding=\"async\" class=\"aligncenter size-full wp-image-216\" src=\"http:\/\/dkollektiv.organicdesignlabs.com\/wp-content\/uploads\/2016\/04\/atelier_des.png\" alt=\"atelier_des\" width=\"815\" height=\"450\" srcset=\"https:\/\/dkollektiv.org\/wp-content\/uploads\/2016\/04\/atelier_des.png 815w, https:\/\/dkollektiv.org\/wp-content\/uploads\/2016\/04\/atelier_des-300x166.png 300w, https:\/\/dkollektiv.org\/wp-content\/uploads\/2016\/04\/atelier_des-768x424.png 768w\" sizes=\"auto, (max-width: 815px) 100vw, 815px\" \/><br \/>\nLe site du laminoir (autour de l\u2019ancien Atelier des locomotives) se transforme pendant un mois en une agora, ou\u0300 artistes, historiens, architectes et membres du public se re\u0301unissent pour cre\u0301er un lieu propice a\u0300 l\u2019aventure et l\u2019exploration de nouvelles ide\u0301es.<br \/>\n<\/p><\/div>\n<div class=\"one_half_last\">\n<h2>[Atelier D]<\/h2>\n<p><img loading=\"lazy\" decoding=\"async\" class=\"aligncenter size-full wp-image-217\" src=\"http:\/\/dkollektiv.organicdesignlabs.com\/wp-content\/uploads\/2016\/04\/atelier_d.png\" alt=\"atelier_d\" width=\"815\" height=\"450\" srcset=\"https:\/\/dkollektiv.org\/wp-content\/uploads\/2016\/04\/atelier_d.png 815w, https:\/\/dkollektiv.org\/wp-content\/uploads\/2016\/04\/atelier_d-300x166.png 300w, https:\/\/dkollektiv.org\/wp-content\/uploads\/2016\/04\/atelier_d-768x424.png 768w\" sizes=\"auto, (max-width: 815px) 100vw, 815px\" \/><br \/>\nLe projet Atelier D propose un espace de cre\u0301ation, de re\u0301flexion et d\u2018e\u0301change sur le passe\u0301 et le futur de la ville.<br \/>\nDes activite\u0301s et interventions artistiques sont e\u0301labore\u0301es tout au long du projet, accompagne\u0301es de soire\u0301es, d\u2019e\u0301ve\u0301nements, d\u2019une se\u0301rie de workshops et de discussions (\u00ab Op e Patt mam&#8230; \u00bb).<\/p>\n<h2>[De Feierwon]<\/h2>\n<p><img loading=\"lazy\" decoding=\"async\" class=\"aligncenter size-full wp-image-213\" src=\"http:\/\/dkollektiv.organicdesignlabs.com\/wp-content\/uploads\/2016\/04\/feierwoon.png\" alt=\"feierwoon\" width=\"815\" height=\"315\" srcset=\"https:\/\/dkollektiv.org\/wp-content\/uploads\/2016\/04\/feierwoon.png 815w, https:\/\/dkollektiv.org\/wp-content\/uploads\/2016\/04\/feierwoon-300x116.png 300w, https:\/\/dkollektiv.org\/wp-content\/uploads\/2016\/04\/feierwoon-768x297.png 768w\" sizes=\"auto, (max-width: 815px) 100vw, 815px\" \/><br \/>\nDe Feierwon, un objet hybride, a\u0300 la fois installation artistique et lieu d\u2019accueil, est construit sur place a\u0300 l\u2019aide des e\u0301le\u0300ves du lyce\u0301e Nic Biever, encadre\u0301s par Eric Marx, servant de \u00ab quartier ge\u0301ne\u0301ral \u00bb et de coin de rencontre. Des interventions artistiques sont propos\u00e9es tout au long du projet par les diff\u00e9rents artistes pr\u00e9sents sur le site, ainsi que par le collectif Upper Bleistein (Judith Leinen et Laura Eschweiler).<\/p><\/div>\n","protected":false},"excerpt":{"rendered":"","protected":false},"author":2,"featured_media":0,"parent":0,"menu_order":0,"comment_status":"closed","ping_status":"closed","template":"templates\/fullwidth.php","meta":{"footnotes":""},"class_list":["post-6","page","type-page","status-publish","hentry"],"_links":{"self":[{"href":"https:\/\/dkollektiv.org\/dkollage\/wp-json\/wp\/v2\/pages\/6","targetHints":{"allow":["GET"]}}],"collection":[{"href":"https:\/\/dkollektiv.org\/dkollage\/wp-json\/wp\/v2\/pages"}],"about":[{"href":"https:\/\/dkollektiv.org\/dkollage\/wp-json\/wp\/v2\/types\/page"}],"author":[{"embeddable":true,"href":"https:\/\/dkollektiv.org\/dkollage\/wp-json\/wp\/v2\/users\/2"}],"replies":[{"embeddable":true,"href":"https:\/\/dkollektiv.org\/dkollage\/wp-json\/wp\/v2\/comments?post=6"}],"version-history":[{"count":47,"href":"https:\/\/dkollektiv.org\/dkollage\/wp-json\/wp\/v2\/pages\/6\/revisions"}],"predecessor-version":[{"id":308,"href":"https:\/\/dkollektiv.org\/dkollage\/wp-json\/wp\/v2\/pages\/6\/revisions\/308"}],"wp:attachment":[{"href":"https:\/\/dkollektiv.org\/dkollage\/wp-json\/wp\/v2\/media?parent=6"}],"curies":[{"name":"wp","href":"https:\/\/api.w.org\/{rel}","templated":true}]}}